{"id":1159,"date":"2024-10-18T06:27:55","date_gmt":"2024-10-18T06:27:55","guid":{"rendered":"https:\/\/envirospinoff.es\/?page_id=1159"},"modified":"2024-11-14T08:00:09","modified_gmt":"2024-11-14T08:00:09","slug":"trabaja-con-nosotros","status":"publish","type":"page","link":"https:\/\/envirospinoff.es\/en\/trabaja-con-nosotros\/","title":{"rendered":"Trabaja con nosotros"},"content":{"rendered":"<p><\/p>\n\n\n\n<h2 class=\"wp-block-heading alignfull has-text-align-center\">TRABAJA CON NOSOTROS<\/h2>\n\n\n\n<div id=\"wp-block-themeisle-blocks-advanced-columns-45cfa0f2\" class=\"wp-block-themeisle-blocks-advanced-columns has-1-columns has-desktop-equal-layout has-tablet-equal-layout has-mobile-equal-layout has-vertical-unset\"><div class=\"wp-block-themeisle-blocks-advanced-columns-overlay\"><\/div><div class=\"innerblocks-wrap\">\n<div id=\"wp-block-themeisle-blocks-advanced-column-234d723c\" class=\"wp-block-themeisle-blocks-advanced-column\">\n<p><\/p>\n<\/div>\n<\/div><\/div>\n\n\n\n<p><\/p>\n\n\n\n<p>Desde la spin-off Environmental Visibility Roadmap S.L. (ENVIRO) ofertamos 2 contratos de investigaci\u00f3n con cargo al&nbsp;Programa Investigo&nbsp; comunicados por la Delegaci\u00f3n Provincial de Ciudad Real de la Consejer\u00eda de Econom\u00eda, Empresas y Empleo de la Junta de Comunidades de Castilla-La Mancha.<\/p>\n\n\n\n<p>Ambos contratos poseen una duraci\u00f3n de un a\u00f1o. Fecha de inicio: 1 de noviembre de 2024.<br>Buscamos perfiles de Graduado\/a en Qu\u00edmica y\/o titulaciones afines.<br>Plazo de env\u00edo de solicitudes: Hasta el 25 de octubre.<br>Las candidaturas se deben enviar al email: <a href=\"mailto:info@envirospinoff.es\" target=\"_blank\" rel=\"noreferrer noopener\">info@envirospinoff.es<\/a> con la documentaci\u00f3n solicitada en los documentos anexos de la convocatoria.<\/p>\n\n\n\n<div id=\"wp-block-themeisle-blocks-advanced-columns-e2b9b571\" class=\"wp-block-themeisle-blocks-advanced-columns alignwide has-2-columns has-desktop-equal-layout has-tablet-equal-layout has-mobile-collapsedRows-layout has-vertical-unset\"><div class=\"wp-block-themeisle-blocks-advanced-columns-overlay\"><\/div><div class=\"innerblocks-wrap\">\n<div id=\"wp-block-themeisle-blocks-advanced-column-e364b2e0\" class=\"wp-block-themeisle-blocks-advanced-column\">\n<p class=\"has-text-align-center\">CONVOCATORIA 2024-INVGO-JCCM-001 (RESUELTA)<\/p>\n<\/div>\n\n\n\n<div id=\"wp-block-themeisle-blocks-advanced-column-78db37bc\" class=\"wp-block-themeisle-blocks-advanced-column\">\n<p class=\"has-text-align-center\">CONVOCATORIA 2024-INVGO-JCCM-002 (RESUELTA)<\/p>\n<\/div>\n<\/div><\/div>\n\n\n\n<div id=\"wp-block-themeisle-blocks-advanced-columns-93d1195c\" class=\"wp-block-themeisle-blocks-advanced-columns alignwide has-2-columns has-desktop-equal-layout has-tablet-equal-layout has-mobile-collapsedRows-layout has-vertical-unset\"><div class=\"wp-block-themeisle-blocks-advanced-columns-overlay\"><\/div><div class=\"innerblocks-wrap\">\n<div id=\"wp-block-themeisle-blocks-advanced-column-ceca6f80\" class=\"wp-block-themeisle-blocks-advanced-column\">\n<div class=\"wp-block-file aligncenter\"><a id=\"wp-block-file--media-b2d0440b-4fe3-4b27-a821-05f88e3f814c\" href=\"https:\/\/envirospinoff.es\/wp-content\/uploads\/2024\/10\/Oferta-contrato-1-Programa-Investigo-PINVE-13-0015-2004-1-DEF-2.pdf\"><strong>ENVIRO:&nbsp;2024-INVGO-JCCM-001<\/strong><\/a><a href=\"https:\/\/envirospinoff.es\/wp-content\/uploads\/2024\/10\/Oferta-contrato-1-Programa-Investigo-PINVE-13-0015-2004-1-DEF-2.pdf\" class=\"wp-block-file__button wp-element-button\" download aria-describedby=\"wp-block-file--media-b2d0440b-4fe3-4b27-a821-05f88e3f814c\">Descarga<\/a><\/div>\n<\/div>\n\n\n\n<div id=\"wp-block-themeisle-blocks-advanced-column-734af3bc\" class=\"wp-block-themeisle-blocks-advanced-column\">\n<div class=\"wp-block-file aligncenter\"><a id=\"wp-block-file--media-c7c73ee7-63ea-4472-b385-74c6b06143ad\" href=\"https:\/\/envirospinoff.es\/wp-content\/uploads\/2024\/10\/Oferta-contrato-2-Programa-Investigo-PINVE-13-0015-2004-2-DEF.pdf\"><strong>ENVIRO:&nbsp;2024-INVGO-JCCM-002<\/strong><\/a><a href=\"https:\/\/envirospinoff.es\/wp-content\/uploads\/2024\/10\/Oferta-contrato-2-Programa-Investigo-PINVE-13-0015-2004-2-DEF.pdf\" class=\"wp-block-file__button wp-element-button\" download aria-describedby=\"wp-block-file--media-c7c73ee7-63ea-4472-b385-74c6b06143ad\">Descarga<\/a><\/div>\n<\/div>\n<\/div><\/div>\n\n\n\n<div id=\"wp-block-themeisle-blocks-advanced-columns-da813de3\" class=\"wp-block-themeisle-blocks-advanced-columns alignwide has-2-columns has-desktop-equal-layout has-tablet-equal-layout has-mobile-collapsedRows-layout has-vertical-unset\"><div class=\"wp-block-themeisle-blocks-advanced-columns-overlay\"><\/div><div class=\"innerblocks-wrap\">\n<div id=\"wp-block-themeisle-blocks-advanced-column-3546253b\" class=\"wp-block-themeisle-blocks-advanced-column\">\n<div class=\"wp-block-file aligncenter\"><a id=\"wp-block-file--media-39292f1c-b190-461c-86f4-e15e6f630ce4\" href=\"https:\/\/envirospinoff.es\/wp-content\/uploads\/2024\/11\/ACTA-DE-SELECCION-Y-RESOLUCION.-ENVIRO-2024-INVGO-JCCM-001.pdf\"><strong>ACTA DE SELECCION Y RESOLUCION. ENVIRO 2024-INVGO-JCCM-001<\/strong><\/a><a href=\"https:\/\/envirospinoff.es\/wp-content\/uploads\/2024\/11\/ACTA-DE-SELECCION-Y-RESOLUCION.-ENVIRO-2024-INVGO-JCCM-001.pdf\" class=\"wp-block-file__button wp-element-button\" download aria-describedby=\"wp-block-file--media-39292f1c-b190-461c-86f4-e15e6f630ce4\">Descarga<\/a><\/div>\n<\/div>\n\n\n\n<div id=\"wp-block-themeisle-blocks-advanced-column-15b6c00f\" class=\"wp-block-themeisle-blocks-advanced-column\">\n<div class=\"wp-block-file aligncenter\"><a id=\"wp-block-file--media-8812ccfa-0d85-4061-aa9e-6e508578c7c5\" href=\"https:\/\/envirospinoff.es\/wp-content\/uploads\/2024\/11\/ACTA-DE-SELECCION-Y-RESOLUCION.-ENVIRO-2024-INVGO-JCCM-002.pdf\"><strong>ACTA DE SELECCION Y RESOLUCION.  ENVIRO 2024-INVGO-JCCM-002<\/strong><\/a><a href=\"https:\/\/envirospinoff.es\/wp-content\/uploads\/2024\/11\/ACTA-DE-SELECCION-Y-RESOLUCION.-ENVIRO-2024-INVGO-JCCM-002.pdf\" class=\"wp-block-file__button wp-element-button\" download aria-describedby=\"wp-block-file--media-8812ccfa-0d85-4061-aa9e-6e508578c7c5\">Descarga<\/a><\/div>\n<\/div>\n<\/div><\/div>\n\n\n\n<figure class=\"wp-block-image size-large has-custom-border\"><img decoding=\"async\" src=\"data:image\/gif;base64,R0lGODlhAQABAIAAAAAAAP\/\/\/yH5BAEAAAAALAAAAAABAAEAAAIBRAA7\" data-src=\"https:\/\/envirospinoff.es\/wp-content\/uploads\/2024\/11\/uegob-1024x81.png\" alt=\"\" class=\"has-border-color wp-image-1195 lazyload\" style=\"border-color:var(--nv-site-bg);border-width:28px;border-radius:0px\"\/><noscript><img decoding=\"async\" width=\"1024\" height=\"81\" src=\"https:\/\/envirospinoff.es\/wp-content\/uploads\/2024\/11\/uegob-1024x81.png\" alt=\"\" class=\"has-border-color wp-image-1195 lazyload\" style=\"border-color:var(--nv-site-bg);border-width:28px;border-radius:0px\" srcset=\"https:\/\/envirospinoff.es\/wp-content\/uploads\/2024\/11\/uegob-1024x81.png 1024w, https:\/\/envirospinoff.es\/wp-content\/uploads\/2024\/11\/uegob-300x24.png 300w, https:\/\/envirospinoff.es\/wp-content\/uploads\/2024\/11\/uegob-768x61.png 768w, https:\/\/envirospinoff.es\/wp-content\/uploads\/2024\/11\/uegob-1536x121.png 1536w, https:\/\/envirospinoff.es\/wp-content\/uploads\/2024\/11\/uegob-18x1.png 18w, https:\/\/envirospinoff.es\/wp-content\/uploads\/2024\/11\/uegob.png 1878w\" sizes=\"(max-width: 1024px) 100vw, 1024px\" \/><\/noscript><\/figure>\n\n\n\n<p><\/p>","protected":false},"excerpt":{"rendered":"<p>TRABAJA CON NOSOTROS Desde la spin-off Environmental Visibility Roadmap S.L. (ENVIRO) ofertamos 2 contratos de investigaci\u00f3n con cargo al&nbsp;Programa Investigo&nbsp; comunicados por la Delegaci\u00f3n Provincial de Ciudad Real de la Consejer\u00eda de Econom\u00eda, Empresas y Empleo de la Junta de Comunidades de Castilla-La Mancha. Ambos contratos poseen una duraci\u00f3n de un a\u00f1o. Fecha de inicio:&hellip;&nbsp;<a href=\"https:\/\/envirospinoff.es\/en\/trabaja-con-nosotros\/\" rel=\"bookmark\">Read More &raquo;<span class=\"screen-reader-text\">Trabaja con nosotros<\/span><\/a><\/p>","protected":false},"author":1,"featured_media":0,"parent":0,"menu_order":0,"comment_status":"closed","ping_status":"closed","template":"","meta":{"om_disable_all_campaigns":false,"_monsterinsights_skip_tracking":false,"_monsterinsights_sitenote_active":false,"_monsterinsights_sitenote_note":"","_monsterinsights_sitenote_category":0,"neve_meta_sidebar":"","neve_meta_container":"","neve_meta_enable_content_width":"","neve_meta_content_width":0,"neve_meta_title_alignment":"","neve_meta_author_avatar":"","neve_post_elements_order":"","neve_meta_disable_header":"","neve_meta_disable_footer":"","neve_meta_disable_title":"","_themeisle_gutenberg_block_has_review":false,"footnotes":""},"class_list":["post-1159","page","type-page","status-publish","hentry"],"aioseo_notices":[],"_links":{"self":[{"href":"https:\/\/envirospinoff.es\/en\/wp-json\/wp\/v2\/pages\/1159","targetHints":{"allow":["GET"]}}],"collection":[{"href":"https:\/\/envirospinoff.es\/en\/wp-json\/wp\/v2\/pages"}],"about":[{"href":"https:\/\/envirospinoff.es\/en\/wp-json\/wp\/v2\/types\/page"}],"author":[{"embeddable":true,"href":"https:\/\/envirospinoff.es\/en\/wp-json\/wp\/v2\/users\/1"}],"replies":[{"embeddable":true,"href":"https:\/\/envirospinoff.es\/en\/wp-json\/wp\/v2\/comments?post=1159"}],"version-history":[{"count":16,"href":"https:\/\/envirospinoff.es\/en\/wp-json\/wp\/v2\/pages\/1159\/revisions"}],"predecessor-version":[{"id":1197,"href":"https:\/\/envirospinoff.es\/en\/wp-json\/wp\/v2\/pages\/1159\/revisions\/1197"}],"wp:attachment":[{"href":"https:\/\/envirospinoff.es\/en\/wp-json\/wp\/v2\/media?parent=1159"}],"curies":[{"name":"wp","href":"https:\/\/api.w.org\/{rel}","templated":true}]}}