{"id":333,"date":"2022-10-24T15:45:36","date_gmt":"2022-10-24T15:45:36","guid":{"rendered":"http:\/\/envirospinoff.es\/?page_id=333"},"modified":"2022-11-14T16:14:49","modified_gmt":"2022-11-14T16:14:49","slug":"quienes-somos","status":"publish","type":"page","link":"https:\/\/envirospinoff.es\/en\/quienes-somos\/","title":{"rendered":"Quienes Somos"},"content":{"rendered":"<h2 class=\"ticss-54f1988a wp-block-heading\">Quienes Somos<\/h2>\n\n\n\n<div id=\"wp-block-themeisle-blocks-advanced-columns-bff21b05\" class=\"wp-block-themeisle-blocks-advanced-columns has-1-columns has-desktop-equal-layout has-tablet-equal-layout has-mobile-equal-layout has-vertical-unset\"><div class=\"wp-block-themeisle-blocks-advanced-columns-overlay\"><\/div><div class=\"innerblocks-wrap\">\n<div id=\"wp-block-themeisle-blocks-advanced-column-b58f4a31\" class=\"wp-block-themeisle-blocks-advanced-column\">\n<p>Son muchas las empresas que ofrecen servicios de an\u00e1lisis de contaminantes relacionados con la seguridad laboral, algunas menos podemos encontrar centradas en contaminaci\u00f3n ambiental, y muy pocas las que se dedican a la valorizaci\u00f3n de residuos industriales y del sector agroalimentario. Pero empresas que se dediquen al estudio de contaminantes ambientales, contaminantes relacionados con la higiene industrial, y adem\u00e1s que se centren en dar soluciones de valorizaci\u00f3n de residuos, son casi inexistentes; y es aqu\u00ed precisamente donde nuestra <strong>Spin-off UCLM <\/strong>tiene previsto desarrollar su trabajo, en an\u00e1lisis de contaminantes dentro (higiene industrial) y fuera (medio ambiente) de las empresas cliente, con el aporte del valor a\u00f1adido que proporcionar\u00e1 los estudios de valorizaci\u00f3n de estos contaminantes y otros posibles residuos generados.<\/p>\n\n\n\n<p>En consecuencia, la idea de <strong>ENVIRO<\/strong> surge del trabajo de investigaci\u00f3n colaborativo entre un grupo de investigadores de la Universidad de Castilla-La Mancha, que comienza con el desarrollo de proyectos de investigaci\u00f3n multidisciplinar en el \u00e1mbito de la revalorizaci\u00f3n de residuos, biocombustibles y contaminaci\u00f3n, convergiendo en la sostenibilidad y la econom\u00eda circular.<\/p>\n\n\n\n<p>La experiencia de los promotores permite asesorar a los posibles clientes en el desarrollo de procedimientos para la revalorizaci\u00f3n de sus residuos de diferente procedencia, fundamentalmente de naturaleza org\u00e1nica, ya que son producidos por las industrias derivadas de la agricultura (bodegas, almazaras, f\u00e1bricas de cervezas, destiler\u00edas, etc.) y la ganader\u00eda (mataderos, lecher\u00edas, etc.), adem\u00e1s de realizar un an\u00e1lisis del impacto medioambiental del proceso de revalorizaci\u00f3n, con el valor a\u00f1adido de buscar una salida rentable y sostenible a los residuos, buscando subproductos de valor a\u00f1adido. Para realizar estos procedimientos la spin-off cuenta con el apoyo de las instalaciones de los grupos <strong>QyCA<\/strong> y de <strong>QOSARA<\/strong>, situados en el <strong>Instituto de Combusti\u00f3n y Contaminaci\u00f3n Atmosf\u00e9rica <\/strong>y en la <strong>Facultad de Ciencias y Tecnolog\u00edas Qu\u00edmicas<\/strong>, respectivamente, ambos centros pertenecientes a la UCLM.<\/p>\n\n\n\n<div class=\"wp-block-group is-vertical is-layout-flex wp-container-core-group-is-layout-8cf370e7 wp-block-group-is-layout-flex\">\n<p>Todos los socios de la spin-off, son titulados superiores, existiendo perfiles de la rama de ciencias y de ciencias sociales y especializaciones como m\u00e1ster en riesgos laborales. El equipo humano combina personas que cuentan con a\u00f1os de experiencia, en dise\u00f1o de procesos, en qu\u00edmica, qu\u00edmica sostenible, contaminaci\u00f3n, gesti\u00f3n, transferencia de conocimiento y relaciones con empresa y marketing, con j\u00f3venes de gran capacidad intelectual y t\u00e9cnica, con ganas, actitudes y motivaci\u00f3n en el \u00e1mbito emprendedor.<\/p>\n<\/div>\n\n\n\n<div id=\"wp-block-themeisle-blocks-advanced-columns-a8b9d24c\" class=\"wp-block-themeisle-blocks-advanced-columns has-1-columns has-desktop-equal-layout has-tablet-equal-layout has-mobile-equal-layout has-vertical-unset\"><div class=\"wp-block-themeisle-blocks-advanced-columns-overlay\"><\/div><div class=\"innerblocks-wrap\">\n<div id=\"wp-block-themeisle-blocks-advanced-column-606b6797\" class=\"wp-block-themeisle-blocks-advanced-column\"><div class=\"wp-block-image\">\n<figure class=\"aligncenter size-full is-resized\"><a href=\"http:\/\/envirospinoff.es\/en\/promotores\/\"><img decoding=\"async\" src=\"data:image\/gif;base64,R0lGODlhAQABAIAAAAAAAP\/\/\/yH5BAEAAAAALAAAAAABAAEAAAIBRAA7\" data-src=\"http:\/\/envirospinoff.es\/wp-content\/uploads\/2022\/10\/icon2-1.png\" alt=\"Promotores\" class=\"wp-image-518 lazyload\" width=\"326\" height=\"279\"\/><noscript><img decoding=\"async\" src=\"http:\/\/envirospinoff.es\/wp-content\/uploads\/2022\/10\/icon2-1.png\" alt=\"Promotores\" class=\"wp-image-518 lazyload\" width=\"326\" height=\"279\" srcset=\"https:\/\/envirospinoff.es\/wp-content\/uploads\/2022\/10\/icon2-1.png 850w, https:\/\/envirospinoff.es\/wp-content\/uploads\/2022\/10\/icon2-1-300x257.png 300w, https:\/\/envirospinoff.es\/wp-content\/uploads\/2022\/10\/icon2-1-768x657.png 768w, https:\/\/envirospinoff.es\/wp-content\/uploads\/2022\/10\/icon2-1-14x12.png 14w\" sizes=\"(max-width: 326px) 100vw, 326px\" \/><\/noscript><\/a><figcaption class=\"wp-element-caption\">Socios Promotores<\/figcaption><\/figure>\n<\/div><\/div>\n<\/div><\/div>\n<\/div>\n<\/div><\/div>","protected":false},"excerpt":{"rendered":"<p>Quienes Somos<\/p>","protected":false},"author":1,"featured_media":0,"parent":0,"menu_order":0,"comment_status":"closed","ping_status":"closed","template":"","meta":{"om_disable_all_campaigns":false,"_monsterinsights_skip_tracking":false,"_monsterinsights_sitenote_active":false,"_monsterinsights_sitenote_note":"","_monsterinsights_sitenote_category":0,"neve_meta_sidebar":"","neve_meta_container":"","neve_meta_enable_content_width":"","neve_meta_content_width":0,"neve_meta_title_alignment":"","neve_meta_author_avatar":"","neve_post_elements_order":"","neve_meta_disable_header":"","neve_meta_disable_footer":"","neve_meta_disable_title":"","_themeisle_gutenberg_block_has_review":false,"footnotes":""},"class_list":["post-333","page","type-page","status-publish","hentry"],"aioseo_notices":[],"_links":{"self":[{"href":"https:\/\/envirospinoff.es\/en\/wp-json\/wp\/v2\/pages\/333","targetHints":{"allow":["GET"]}}],"collection":[{"href":"https:\/\/envirospinoff.es\/en\/wp-json\/wp\/v2\/pages"}],"about":[{"href":"https:\/\/envirospinoff.es\/en\/wp-json\/wp\/v2\/types\/page"}],"author":[{"embeddable":true,"href":"https:\/\/envirospinoff.es\/en\/wp-json\/wp\/v2\/users\/1"}],"replies":[{"embeddable":true,"href":"https:\/\/envirospinoff.es\/en\/wp-json\/wp\/v2\/comments?post=333"}],"version-history":[{"count":6,"href":"https:\/\/envirospinoff.es\/en\/wp-json\/wp\/v2\/pages\/333\/revisions"}],"predecessor-version":[{"id":803,"href":"https:\/\/envirospinoff.es\/en\/wp-json\/wp\/v2\/pages\/333\/revisions\/803"}],"wp:attachment":[{"href":"https:\/\/envirospinoff.es\/en\/wp-json\/wp\/v2\/media?parent=333"}],"curies":[{"name":"wp","href":"https:\/\/api.w.org\/{rel}","templated":true}]}}