{"id":340,"date":"2022-10-24T16:01:36","date_gmt":"2022-10-24T16:01:36","guid":{"rendered":"http:\/\/envirospinoff.es\/?page_id=340"},"modified":"2023-05-02T23:46:28","modified_gmt":"2023-05-02T23:46:28","slug":"promotores","status":"publish","type":"page","link":"https:\/\/envirospinoff.es\/en\/promotores\/","title":{"rendered":"Promotores"},"content":{"rendered":"<div id=\"wp-block-themeisle-blocks-advanced-columns-db081164\" class=\"wp-block-themeisle-blocks-advanced-columns has-2-columns has-desktop-equal-layout has-tablet-equal-layout has-mobile-equal-layout has-vertical-unset\"><div class=\"wp-block-themeisle-blocks-advanced-columns-overlay\"><\/div><div class=\"innerblocks-wrap\">\n<div id=\"wp-block-themeisle-blocks-advanced-column-7f849e71\" class=\"wp-block-themeisle-blocks-advanced-column\">\n<h2 class=\"wp-block-heading ticss-cdc67c8c\"><strong>CONSEJO DE ADMINISTRACI\u00d3N<\/strong><\/h2>\n<\/div>\n\n\n\n<div id=\"wp-block-themeisle-blocks-advanced-column-998eba4c\" class=\"wp-block-themeisle-blocks-advanced-column\">\n<h2 class=\"wp-block-heading ticss-26fefa2e\">Socios&nbsp; Promotores<\/h2>\n<\/div>\n<\/div><\/div>\n\n\n\n<div id=\"wp-block-themeisle-blocks-advanced-columns-b8e660bf\" class=\"wp-block-themeisle-blocks-advanced-columns has-2-columns has-desktop-equal-layout has-tablet-equal-layout has-mobile-equal-layout has-vertical-unset\"><div class=\"wp-block-themeisle-blocks-advanced-columns-overlay\"><\/div><div class=\"innerblocks-wrap\">\n<div id=\"wp-block-themeisle-blocks-advanced-column-7a00ded7\" class=\"wp-block-themeisle-blocks-advanced-column\">\n<p><strong><em>PRESIDENTA DEL CONSEJO<\/em><\/strong><\/p>\n\n\n\n<p>BEATRIZ CABA\u00d1AS GAL\u00c1N<\/p>\n\n\n\n<p>CONSEJERA DELEGADA (CEO)<\/p>\n\n\n\n<p><strong><em>CONSEJEROS: VOCALES<\/em><\/strong><\/p>\n\n\n\n<p>UCLM EMPRENDE, S.L.<\/p>\n\n\n\n<p>FRANCISCO JOS\u00c9 MAIGLER SERRANO<\/p>\n\n\n\n<p>CARLOS J. S\u00c1NCHEZ<\/p>\n\n\n\n<p>YOANA RABANAL<\/p>\n\n\n\n<p><strong><em>SECRETARIO DEL CONSEJO<\/em><\/strong><\/p>\n\n\n\n<p>JUAN ANTONIO MOND\u00c9JAR JIM\u00c9NEZ<\/p>\n<\/div>\n\n\n\n<div id=\"wp-block-themeisle-blocks-advanced-column-c388df44\" class=\"wp-block-themeisle-blocks-advanced-column\">\n<p><strong>Datos personales. <\/strong>Beatriz Caba\u00f1as Gal\u00e1n.<\/p>\n\n\n\n<p><strong>Datos de formaci\u00f3n<\/strong>. Dra. en Ciencias Qu\u00edmicas.<\/p>\n\n\n\n<p><strong>Experiencia profesional<\/strong>. Catedr\u00e1tica de Universidad Qu\u00edmica F\u00edsica. Responsable del Grupo de Investigaci\u00f3n Qu\u00edmica y Contaminaci\u00f3n Atmosf\u00e9rica.<\/p>\n\n\n\n<p><strong>Datos personales<\/strong>. Juan Antonio Mond\u00e9jar Jim\u00e9nez.<\/p>\n\n\n\n<p><strong>Datos de formaci\u00f3n<\/strong>. Dr. en Administraci\u00f3n y Direcci\u00f3n de Empresas .<\/p>\n\n\n\n<p><strong>Experiencia profesional<\/strong>. Catedr\u00e1tico de Universidad de Marketing e Investigaci\u00f3n de Mercados. Director de la C\u00e1tedra de Innovaci\u00f3n Abierta Incarlopsa-UCLM.<\/p>\n\n\n\n<p><strong>Datos personales<\/strong>. Francisco Jos\u00e9 Maigler Serrano.<\/p>\n\n\n\n<p><strong>Datos de formaci\u00f3n<\/strong>. Ingeniero. M\u00e1ster Universitario en Prevenci\u00f3n de Riesgos Laborales.<\/p>\n\n\n\n<p><strong>Experiencia profesional<\/strong>. T\u00e9cnico de Laboratorio en la UCLM y T\u00e9cnico Superior de PRL como colaborador de diferentes empresas y entidades.<\/p>\n\n\n\n<p><strong>Datos personales. <\/strong>Ra\u00fal Mart\u00edn Mart\u00edn<\/p>\n\n\n\n<p><strong>Datos de formaci\u00f3n<\/strong>. Dr. en Matem\u00e1ticas.<\/p>\n\n\n\n<p><strong>Experiencia profesional<\/strong>. Profesor Titular de Universidad de Estad\u00edstica e Investigaci\u00f3n Operativa. Responsable del Grupo de Investigaci\u00f3n OED.<\/p>\n\n\n\n<p><strong>Datos personales<\/strong>. Mar\u00eda del Pilar Mart\u00edn Porrero.<\/p>\n\n\n\n<p><strong>Datos de formaci\u00f3n<\/strong>. Dra. en Ciencias Qu\u00edmicas.<\/p>\n\n\n\n<p><strong>Experiencia profesional<\/strong>. Profesora Titular de Universidad Qu\u00edmica F\u00edsica (acreditada a CU).<\/p>\n\n\n\n<p><strong>Datos personales<\/strong>. Andr\u00e9s Moreno Moreno.<\/p>\n\n\n\n<p><strong>Datos de formaci\u00f3n<\/strong>. Dr. en Ciencias Qu\u00edmicas.<\/p>\n\n\n\n<p><strong>Experiencia profesional<\/strong>. Catedr\u00e1tico de Universidad Qu\u00edmica Org\u00e1nica. Responsable del Grupo de Investigaci\u00f3n QOSARA.<\/p>\n\n\n\n<p><strong>Datos personales<\/strong>. Alberto Moreno Sanroma.<\/p>\n\n\n\n<p><strong>Datos de formaci\u00f3n<\/strong>. Dr. en Ciencias Qu\u00edmicas.<\/p>\n\n\n\n<p><strong>Experiencia profesional<\/strong>. T\u00e9cnico Responsable de los laboratorios de Contaminaci\u00f3n, Combusti\u00f3n y Procesos Atmosf\u00e9ricos del ICCA.<\/p>\n\n\n\n<p><strong>Datos personales<\/strong>. Juliana Parras Armenteros.<\/p>\n\n\n\n<p><strong>Datos de formaci\u00f3n<\/strong>. Dra. en Ciencias Geol\u00f3gicas.<\/p>\n\n\n\n<p><strong>Experiencia profesional<\/strong>. Profesora Titular de Universidad.<\/p>\n\n\n\n<p><strong>Datos personales<\/strong>. Yoana Rabanal Ruiz<\/p>\n\n\n\n<p><strong>Datos de formaci\u00f3n<\/strong>. Dra. en Bioqu\u00edmica<\/p>\n\n\n\n<p><strong>Experiencia profesional<\/strong>. Profesora Contratada Doctora.<\/p>\n\n\n\n<p><strong>Datos personales<\/strong>. Carlos J. S\u00e1nchez Jim\u00e9nez<\/p>\n\n\n\n<p>&nbsp;<strong>Datos de formaci\u00f3n<\/strong>. Dr. en Ciencias Geol\u00f3gicas.<\/p>\n\n\n\n<p><strong>Experiencia profesional<\/strong>. Profesor Titular de Universidad.<\/p>\n\n\n\n<p><strong>Datos personales<\/strong>. Florentina Villanueva Garc\u00eda<\/p>\n\n\n\n<p><strong>Datos de formaci\u00f3n<\/strong>. Dra. en Ciencias Qu\u00edmicas.<\/p>\n\n\n\n<p><strong>Experiencia profesional<\/strong>. Investigadora INCRECYT-JCCM. Responsable cient\u00edfico del Laboratorio de Contaminaci\u00f3n Atmosf\u00e9rica del ICCA.<\/p>\n<\/div>\n<\/div><\/div>\n\n\n\n<p class=\"has-medium-font-size\"><strong>Los miembros del equipo promotor en su conjunto han publicado m\u00e1s de 150 art\u00edculos cient\u00edficos en las revistas m\u00e1s significativas dentro del \u00e1mbito de la Qu\u00edmica, la Contaminaci\u00f3n y la Energ\u00eda, y el Medioambiente, siendo algunos de los m\u00e1s significativos los siguientes:<\/strong><\/p>\n\n\n\n<div id=\"wp-block-themeisle-blocks-advanced-columns-947606af\" class=\"wp-block-themeisle-blocks-advanced-columns has-1-columns has-desktop-equal-layout has-tablet-equal-layout has-mobile-equal-layout has-vertical-unset ticss-53af44ba\"><div class=\"wp-block-themeisle-blocks-advanced-columns-overlay\"><\/div><div class=\"innerblocks-wrap\">\n<div id=\"wp-block-themeisle-blocks-advanced-column-0567a5f9\" class=\"wp-block-themeisle-blocks-advanced-column ticss-0567a5f9\">\n<div id=\"wp-block-themeisle-blocks-advanced-columns-f12f18dc\" class=\"wp-block-themeisle-blocks-advanced-columns has-4-columns has-desktop-equal-layout has-tablet-equal-layout has-mobile-equal-layout has-vertical-unset\"><div class=\"wp-block-themeisle-blocks-advanced-columns-overlay\"><\/div><div class=\"innerblocks-wrap\">\n<div id=\"wp-block-themeisle-blocks-advanced-column-e11ab976\" class=\"wp-block-themeisle-blocks-advanced-column ticss-8469f2dc\">\n<p class=\"ticss-ad0b426f\"><strong>Contaminaci\u00f3n-medioambiente<\/strong><\/p>\n\n\n\n<hr class=\"wp-block-separator has-text-color has-neve-link-color-color has-alpha-channel-opacity has-neve-link-color-background-color has-background is-style-wide\"\/>\n\n\n\n<p class=\"ticss-ad0b426f\"><strong><br>Ozone and Nitrogen Dioxide Levels Monitored in an Urban \u00c1rea (Ciudad Real) in central-southern<br>Spain.<\/strong> Water Air and Soil Pollution. 208, pp. 305 &#8211; 316. 2010.<\/p>\n\n\n\n<hr class=\"wp-block-separator has-text-color has-neve-link-color-color has-alpha-channel-opacity has-neve-link-color-background-color has-background is-style-dots\"\/>\n\n\n\n<p class=\"ticss-ad0b426f\"><br><strong>Intercomparison of tropospheric O3, benzene and toluene measured by a commercial DOAS<br>system.<\/strong> Fresenius Environmental Bulletin. 21, pp. 4040 &#8211; 4050. 2012.<\/p>\n\n\n\n<hr class=\"wp-block-separator has-text-color has-neve-link-color-color has-alpha-channel-opacity has-neve-link-color-background-color has-background is-style-dots\"\/>\n\n\n\n<p class=\"ticss-ad0b426f\"><br><strong>Ambient levels of volatile organic compounds and criteria pollutants in the most industrialized<br>area of central Iberian Peninsula: intercomparison with an urban site. <\/strong>Environmental Technology,<br>37, 983-996. 2016.<\/p>\n\n\n\n<hr class=\"wp-block-separator has-text-color has-neve-link-color-color has-alpha-channel-opacity has-neve-link-color-background-color has-background is-style-dots\"\/>\n\n\n\n<p class=\"ticss-ad0b426f\"><br><strong>Field evaluation of the Analyst\u00ae passive sampler for the determination of formaldehyde and acetaldehyde in indoor and outdoor ambient air.<\/strong> Analytical Methods. 5, pp. 516 &#8211; 524. 2013.<\/p>\n\n\n\n<hr class=\"wp-block-separator has-text-color has-neve-link-color-color has-alpha-channel-opacity has-neve-link-color-background-color has-background is-style-dots\"\/>\n\n\n\n<p class=\"ticss-ad0b426f\"><br><strong>Assessment of CO2 and aerosol (PM2.5, PM10, UFP) concentrations during the reopening of<br>schools in the COVID-19 pandemic: the case of a metropolitan area in Central-Southern Spain.<\/strong><br>Environmental Research. 197 Art 111092, pp. 1 &#8211; 10. 2021.<\/p>\n\n\n\n<hr class=\"wp-block-separator has-text-color has-neve-link-color-color has-alpha-channel-opacity has-neve-link-color-background-color has-background is-style-dots\"\/>\n\n\n\n<p class=\"ticss-ad0b426f\"><br><strong>Formaldehyde, acrolein and other carbonyls in dwellings of university students.<\/strong> Levels and<br>source characterization Chemosphere, 228, 132429, 2022.<\/p>\n<\/div>\n\n\n\n<div id=\"wp-block-themeisle-blocks-advanced-column-1a24e7d2\" class=\"wp-block-themeisle-blocks-advanced-column\">\n<p class=\"ticss-56b7c26f\"><strong>Part\u00edculas-combusti\u00f3n<\/strong><\/p>\n\n\n\n<hr class=\"wp-block-separator has-text-color has-neve-link-color-color has-alpha-channel-opacity has-neve-link-color-background-color has-background is-style-wide\"\/>\n\n\n\n<p><strong><br>The use of heterogeneous chemistry for the characterization of functional groups at the gas\/<br>particle interface of soot from a Diesel engine at a particular running condition. <\/strong>Environmental<br>Science and Pollution Research. 22, pp. 4863 -4872., 2015.<\/p>\n\n\n\n<hr class=\"wp-block-separator has-text-color has-neve-link-color-color has-alpha-channel-opacity has-neve-link-color-background-color has-background is-style-dots\"\/>\n\n\n\n<p><br><strong>Molecular Characterization of the Gas-Particle Interface of Soot Sampled from a Diesel Engine<br>Using a Titration Method.<\/strong> Environmental Science &amp; Technology. 50, pp. 2946 &#8211; 2955. 2016.<\/p>\n\n\n\n<hr class=\"wp-block-separator has-text-color has-neve-link-color-color has-alpha-channel-opacity has-neve-link-color-background-color has-background is-style-dots\"\/>\n\n\n\n<p><br><strong>Diffuse Reflectance Infrared Fourier transform spectroscopy (DRIFTS) applied to the chemical<br>characterization of Diesel soot.<\/strong> Global NEST Journal. 18, pp. 453 &#8211; 462.2016.<\/p>\n\n\n\n<hr class=\"wp-block-separator has-text-color has-neve-link-color-color has-alpha-channel-opacity has-neve-link-color-background-color has-background is-style-dots\"\/>\n\n\n\n<p><br><strong>Chemical characterization of diesel and hydrotreated vegetable oil (HVO) soot after reactive<br>gas probing using diffuse reflectance FTIR spectroscopy (DRIFTS). Environmental science and pollution research. <\/strong>24, pp. 7534 -7543., 2017.<\/p>\n\n\n\n<hr class=\"wp-block-separator has-text-color has-neve-link-color-color has-alpha-channel-opacity has-neve-link-color-background-color has-background is-style-dots\"\/>\n\n\n\n<p><br><strong>Chemical composition and heterogeneous reactivity of soot generated in the combustion of<br>diesel and GTL (Gas-To-Liquid) fuels and amorphous carbon Printex U with NO2 and CF3COOH<br>gases.<\/strong> Atmospheric Environment. 177, pp. 214 &#8211; 221. 2018.<\/p>\n<\/div>\n\n\n\n<div id=\"wp-block-themeisle-blocks-advanced-column-35e3db97\" class=\"wp-block-themeisle-blocks-advanced-column\">\n<p class=\"ticss-cd40889c\"><strong>Revalorizaci\u00f3n residuos<\/strong><\/p>\n\n\n\n<hr class=\"wp-block-separator has-text-color has-neve-link-color-color has-alpha-channel-opacity has-neve-link-color-background-color has-background is-style-wide\"\/>\n\n\n\n<p><strong><br>Microwave heating for the catalytic conversion of melon rind waste into biofuel precursors.<\/strong><br>Journal of Cleaner Production. 138, pp. 59 &#8211; 69. 2016.<\/p>\n\n\n\n<hr class=\"wp-block-separator has-text-color has-neve-link-color-color has-alpha-channel-opacity has-neve-link-color-background-color has-background is-style-dots\"\/>\n\n\n\n<p><br><strong>Biofuel precursors from almond shell under microwave radiation.<\/strong> J. Bioremediat. Biodegrad.8,<br>pp. 66 &#8211; 66., 2017.<\/p>\n\n\n\n<hr class=\"wp-block-separator has-text-color has-neve-link-color-color has-alpha-channel-opacity has-neve-link-color-background-color has-background is-style-dots\"\/>\n\n\n\n<p><br><strong>Microwave catalytic conversion of lignocellulosic waste into biofuel precursor.<\/strong> J.Ind.Environ.<br>Chem.2, pp. 37, 2018.<\/p>\n\n\n\n<hr class=\"wp-block-separator has-text-color has-neve-link-color-color has-alpha-channel-opacity has-neve-link-color-background-color has-background is-style-dots\"\/>\n\n\n\n<p><br><strong>Nanoencapsulation of essential oils from industrial hemp (Cannabis sativa L.) by-products into<br>alfalfa protein nanoparticles.<\/strong> Food Chemistry, 2022, 132765. Table olive wastewater as a potential<br>source of biophenols for valorization: A mini review Fermentation, 2022.<\/p>\n<\/div>\n\n\n\n<div id=\"wp-block-themeisle-blocks-advanced-column-f4714599\" class=\"wp-block-themeisle-blocks-advanced-column\">\n<p class=\"ticss-8965ffd1\"><strong>Campus de Excelencia Internacional de la Energ\u00eda y el Medio Ambiente (CYTEMA)<\/strong><\/p>\n\n\n\n<hr class=\"wp-block-separator has-text-color has-neve-link-color-color has-alpha-channel-opacity has-neve-link-color-background-color has-background is-style-wide\"\/>\n\n\n\n<p><br><strong>Identification of behavioral patterns and drivers influencing the environmental proactivity<br>orientation of firms. an empirical analysis.<\/strong> Energy and Environment Knowledge Week (E2KWCytema), Toledo, Publicaci\u00f3n ISBN: 978-84-695-8372-2. 2013.<\/p>\n\n\n\n<hr class=\"wp-block-separator has-text-color has-neve-link-color-color has-alpha-channel-opacity has-neve-link-color-background-color has-background is-style-dots\"\/>\n\n\n\n<p><br><strong>Group effect\u2019s analysis on eco-orientation innovate models: kwonledge and manufacturing<br>classifications over industries and services firms.<\/strong> II Energy and Environment Knowledge Week<br>(E2KW-Cytema), Toledo.2014<\/p>\n\n\n\n<hr class=\"wp-block-separator has-text-color has-neve-link-color-color has-alpha-channel-opacity has-neve-link-color-background-color has-background is-style-dots\"\/>\n\n\n\n<p><br><strong>Responsible tourism conceptual representation: semantic fields through individual disclosure.<\/strong><br>III Energy and Environment Knowledge Week (E2KW-Cytema), Par\u00eds.2016<\/p>\n\n\n\n<hr class=\"wp-block-separator has-text-color has-neve-link-color-color has-alpha-channel-opacity has-neve-link-color-background-color has-background is-style-dots\"\/>\n\n\n\n<p><br><strong>The protection of natural areas: do you know my label?.<\/strong> III Energy and Environment Knowledge<br>Week (E2KW-Cytema), Par\u00eds.2016<\/p>\n\n\n\n<hr class=\"wp-block-separator has-text-color has-neve-link-color-color has-alpha-channel-opacity has-neve-link-color-background-color has-background is-style-dots\"\/>\n\n\n\n<p><br><strong>Is eco-innovation orientation dynamic at the automobile industry? predicting future behavior<br>based on past attitude using the PLS analysis.<\/strong> III Energy and Environment Knowledge Week (E2KWCytema), Par\u00eds.2016<\/p>\n\n\n\n<hr class=\"wp-block-separator has-text-color has-neve-link-color-color has-alpha-channel-opacity has-neve-link-color-background-color has-background is-style-dots\"\/>\n\n\n\n<p><br><strong>Environmental impact of rural tourism accommodations of Castilla y Leo\u0301n.<\/strong> III Energy and<br>Environment Knowledge Week (E2KW-Cytema), Par\u00eds.2016<\/p>\n<\/div>\n<\/div><\/div>\n<\/div>\n<\/div><\/div>","protected":false},"excerpt":{"rendered":"<p>Los miembros del equipo promotor en su conjunto han publicado m\u00e1s de 150 art\u00edculos cient\u00edficos en las revistas m\u00e1s significativas dentro del \u00e1mbito de la Qu\u00edmica, la Contaminaci\u00f3n y la Energ\u00eda, y el Medioambiente, siendo algunos de los m\u00e1s significativos los siguientes:<\/p>","protected":false},"author":1,"featured_media":0,"parent":0,"menu_order":0,"comment_status":"closed","ping_status":"closed","template":"","meta":{"om_disable_all_campaigns":false,"_monsterinsights_skip_tracking":false,"_monsterinsights_sitenote_active":false,"_monsterinsights_sitenote_note":"","_monsterinsights_sitenote_category":0,"neve_meta_sidebar":"","neve_meta_container":"","neve_meta_enable_content_width":"","neve_meta_content_width":0,"neve_meta_title_alignment":"","neve_meta_author_avatar":"","neve_post_elements_order":"","neve_meta_disable_header":"","neve_meta_disable_footer":"","neve_meta_disable_title":"","_themeisle_gutenberg_block_has_review":false,"footnotes":""},"class_list":["post-340","page","type-page","status-publish","hentry"],"aioseo_notices":[],"_links":{"self":[{"href":"https:\/\/envirospinoff.es\/en\/wp-json\/wp\/v2\/pages\/340","targetHints":{"allow":["GET"]}}],"collection":[{"href":"https:\/\/envirospinoff.es\/en\/wp-json\/wp\/v2\/pages"}],"about":[{"href":"https:\/\/envirospinoff.es\/en\/wp-json\/wp\/v2\/types\/page"}],"author":[{"embeddable":true,"href":"https:\/\/envirospinoff.es\/en\/wp-json\/wp\/v2\/users\/1"}],"replies":[{"embeddable":true,"href":"https:\/\/envirospinoff.es\/en\/wp-json\/wp\/v2\/comments?post=340"}],"version-history":[{"count":60,"href":"https:\/\/envirospinoff.es\/en\/wp-json\/wp\/v2\/pages\/340\/revisions"}],"predecessor-version":[{"id":1093,"href":"https:\/\/envirospinoff.es\/en\/wp-json\/wp\/v2\/pages\/340\/revisions\/1093"}],"wp:attachment":[{"href":"https:\/\/envirospinoff.es\/en\/wp-json\/wp\/v2\/media?parent=340"}],"curies":[{"name":"wp","href":"https:\/\/api.w.org\/{rel}","templated":true}]}}