{"id":347,"date":"2022-10-24T16:12:52","date_gmt":"2022-10-24T16:12:52","guid":{"rendered":"http:\/\/envirospinoff.es\/?page_id=347"},"modified":"2024-06-05T09:24:09","modified_gmt":"2024-06-05T09:24:09","slug":"laboratorio","status":"publish","type":"page","link":"https:\/\/envirospinoff.es\/en\/laboratorio\/","title":{"rendered":"Laboratorio"},"content":{"rendered":"<h2 class=\"wp-block-heading ticss-cd24f573\">Laboratorio<\/h2>\n\n\n\n<div id=\"wp-block-themeisle-blocks-advanced-columns-ed86f4dd\" class=\"wp-block-themeisle-blocks-advanced-columns has-1-columns has-desktop-equal-layout has-tablet-equal-layout has-mobile-equal-layout has-vertical-unset\"><div class=\"wp-block-themeisle-blocks-advanced-columns-overlay\"><\/div><div class=\"innerblocks-wrap\">\n<div id=\"wp-block-themeisle-blocks-advanced-column-6dfa2c9f\" class=\"wp-block-themeisle-blocks-advanced-column\">\n<p>Nuestras capacidades como laboratorio alcanzan para el estudio, caracterizaci\u00f3n y diagn\u00f3stico de todo tipo de an\u00e1lisis , tales como suelos, compost, lodos, sedimentos, aguas residuales, continentales, subterr\u00e1neas, y de consumo , emisiones atmosf\u00e9ricas y alimentos. Para cada matriz utilizamos los m\u00e9todos de an\u00e1lisis descritos en la legislaci\u00f3n aplicable, ya sea internacional o nacional.<\/p>\n<\/div>\n<\/div><\/div>\n\n\n\n<div id=\"wp-block-themeisle-blocks-advanced-columns-b980e7a4\" class=\"wp-block-themeisle-blocks-advanced-columns has-1-columns has-desktop-equal-layout has-tablet-equal-layout has-mobile-equal-layout has-vertical-unset\"><div class=\"wp-block-themeisle-blocks-advanced-columns-overlay\"><\/div><div class=\"innerblocks-wrap\">\n<div id=\"wp-block-themeisle-blocks-advanced-column-495e7ed9\" class=\"wp-block-themeisle-blocks-advanced-column\"><\/div>\n<\/div><\/div>\n\n\n\n<h2 class=\"wp-block-heading\">AN\u00c1LISIS POR SECTOR<\/h2>\n\n\n\n<div id=\"wp-block-themeisle-blocks-advanced-columns-d9a8eb6c\" class=\"wp-block-themeisle-blocks-advanced-columns has-3-columns has-desktop-equal-layout has-tablet-equal-layout has-mobile-equal-layout has-vertical-center ticss-d9a8eb6c\"><div class=\"wp-block-themeisle-blocks-advanced-columns-overlay\"><\/div><div class=\"innerblocks-wrap\">\n<div id=\"wp-block-themeisle-blocks-advanced-column-d75218e8\" class=\"wp-block-themeisle-blocks-advanced-column\"><div class=\"wp-block-image\">\n<figure class=\"aligncenter size-medium\"><img decoding=\"async\" src=\"data:image\/gif;base64,R0lGODlhAQABAIAAAAAAAP\/\/\/yH5BAEAAAAALAAAAAABAAEAAAIBRAA7\" data-src=\"http:\/\/envirospinoff.es\/wp-content\/uploads\/2022\/10\/laboratorio-suelo-300x200.jpg\" alt=\"suelo\" class=\"wp-image-613 lazyload\"\/><noscript><img decoding=\"async\" width=\"300\" height=\"200\" src=\"http:\/\/envirospinoff.es\/wp-content\/uploads\/2022\/10\/laboratorio-suelo-300x200.jpg\" alt=\"suelo\" class=\"wp-image-613 lazyload\" srcset=\"https:\/\/envirospinoff.es\/wp-content\/uploads\/2022\/10\/laboratorio-suelo-300x200.jpg 300w, https:\/\/envirospinoff.es\/wp-content\/uploads\/2022\/10\/laboratorio-suelo-1024x683.jpg 1024w, https:\/\/envirospinoff.es\/wp-content\/uploads\/2022\/10\/laboratorio-suelo-768x512.jpg 768w, https:\/\/envirospinoff.es\/wp-content\/uploads\/2022\/10\/laboratorio-suelo-1536x1024.jpg 1536w, https:\/\/envirospinoff.es\/wp-content\/uploads\/2022\/10\/laboratorio-suelo-2048x1365.jpg 2048w, https:\/\/envirospinoff.es\/wp-content\/uploads\/2022\/10\/laboratorio-suelo-18x12.jpg 18w, https:\/\/envirospinoff.es\/wp-content\/uploads\/2022\/10\/laboratorio-suelo-930x620.jpg 930w\" sizes=\"(max-width: 300px) 100vw, 300px\" \/><\/noscript><\/figure>\n<\/div><\/div>\n\n\n\n<div id=\"wp-block-themeisle-blocks-advanced-column-05f3276d\" class=\"wp-block-themeisle-blocks-advanced-column\">\n<p class=\"has-text-align-center has-medium-font-size\"><strong>An\u00e1lisis de Suelo<\/strong><\/p>\n<\/div>\n\n\n\n<div id=\"wp-block-themeisle-blocks-advanced-column-eb6d0ea0\" class=\"wp-block-themeisle-blocks-advanced-column ticss-eb6d0ea0\">\n<p class=\"ticss-cdc62661\">\u00d8An\u00e1lisis agron\u00f3mico de suelos, parques y jardines, compost\u2026<\/p>\n\n\n\n<p>\u00d8Fangos de depuradoras.<\/p>\n\n\n\n<p>\u00d8Determinaci\u00f3n de contaminantes.<\/p>\n\n\n\n<p>\u00d8Informes preliminares de situaci\u00f3n de suelos.<\/p>\n\n\n\n<p>\u00d8An\u00e1lisis de fangos residuales y valorizaci\u00f3n agron\u00f3mica.<\/p>\n<\/div>\n<\/div><\/div>\n\n\n\n<div id=\"wp-block-themeisle-blocks-advanced-columns-88f4ef25\" class=\"wp-block-themeisle-blocks-advanced-columns has-3-columns has-desktop-equal-layout has-tablet-equal-layout has-mobile-equal-layout has-vertical-center\"><div class=\"wp-block-themeisle-blocks-advanced-columns-overlay\"><\/div><div class=\"innerblocks-wrap\">\n<div id=\"wp-block-themeisle-blocks-advanced-column-9b55585b\" class=\"wp-block-themeisle-blocks-advanced-column\"><div class=\"wp-block-image\">\n<figure class=\"aligncenter size-medium\"><img decoding=\"async\" src=\"data:image\/gif;base64,R0lGODlhAQABAIAAAAAAAP\/\/\/yH5BAEAAAAALAAAAAABAAEAAAIBRAA7\" data-src=\"http:\/\/envirospinoff.es\/wp-content\/uploads\/2022\/10\/laboratorio-agua-300x200.jpg\" alt=\"agua\" class=\"wp-image-610 lazyload\"\/><noscript><img decoding=\"async\" width=\"300\" height=\"200\" src=\"http:\/\/envirospinoff.es\/wp-content\/uploads\/2022\/10\/laboratorio-agua-300x200.jpg\" alt=\"agua\" class=\"wp-image-610 lazyload\" srcset=\"https:\/\/envirospinoff.es\/wp-content\/uploads\/2022\/10\/laboratorio-agua-300x200.jpg 300w, https:\/\/envirospinoff.es\/wp-content\/uploads\/2022\/10\/laboratorio-agua-1024x683.jpg 1024w, https:\/\/envirospinoff.es\/wp-content\/uploads\/2022\/10\/laboratorio-agua-768x512.jpg 768w, https:\/\/envirospinoff.es\/wp-content\/uploads\/2022\/10\/laboratorio-agua-1536x1024.jpg 1536w, https:\/\/envirospinoff.es\/wp-content\/uploads\/2022\/10\/laboratorio-agua-2048x1365.jpg 2048w, https:\/\/envirospinoff.es\/wp-content\/uploads\/2022\/10\/laboratorio-agua-18x12.jpg 18w, https:\/\/envirospinoff.es\/wp-content\/uploads\/2022\/10\/laboratorio-agua-930x620.jpg 930w\" sizes=\"(max-width: 300px) 100vw, 300px\" \/><\/noscript><\/figure>\n<\/div><\/div>\n\n\n\n<div id=\"wp-block-themeisle-blocks-advanced-column-a45866a0\" class=\"wp-block-themeisle-blocks-advanced-column\">\n<p class=\"has-text-align-center has-medium-font-size\"><strong>An\u00e1lisis de Aguas<\/strong><\/p>\n<\/div>\n\n\n\n<div id=\"wp-block-themeisle-blocks-advanced-column-81ebb859\" class=\"wp-block-themeisle-blocks-advanced-column\">\n<p>\u00d8An\u00e1lisis microbiol\u00f3gico y fisicoqu\u00edmicos de aguas potables.<\/p>\n\n\n\n<p>\u00d8Calidad de aguas para uso industrial.<\/p>\n\n\n\n<p>\u00d8Evaluaci\u00f3n y control de la calidad de aguas de riego.<\/p>\n\n\n\n<p>\u00d8Control y Prevenci\u00f3n de Legionelosis.<\/p>\n\n\n\n<p>\u00d8An\u00e1lisis y caracterizaci\u00f3n de aguas residuales.<\/p>\n<\/div>\n<\/div><\/div>\n\n\n\n<div id=\"wp-block-themeisle-blocks-advanced-columns-4fbe41f0\" class=\"wp-block-themeisle-blocks-advanced-columns has-3-columns has-desktop-equal-layout has-tablet-equal-layout has-mobile-equal-layout has-vertical-center\"><div class=\"wp-block-themeisle-blocks-advanced-columns-overlay\"><\/div><div class=\"innerblocks-wrap\">\n<div id=\"wp-block-themeisle-blocks-advanced-column-9c48e54c\" class=\"wp-block-themeisle-blocks-advanced-column\"><div class=\"wp-block-image\">\n<figure class=\"aligncenter size-medium\"><img decoding=\"async\" src=\"data:image\/gif;base64,R0lGODlhAQABAIAAAAAAAP\/\/\/yH5BAEAAAAALAAAAAABAAEAAAIBRAA7\" data-src=\"http:\/\/envirospinoff.es\/wp-content\/uploads\/2022\/10\/laboratorio-aire-300x115.jpg\" alt=\"calidad-aire\" class=\"wp-image-611 lazyload\"\/><noscript><img decoding=\"async\" width=\"300\" height=\"115\" src=\"http:\/\/envirospinoff.es\/wp-content\/uploads\/2022\/10\/laboratorio-aire-300x115.jpg\" alt=\"calidad-aire\" class=\"wp-image-611 lazyload\" srcset=\"https:\/\/envirospinoff.es\/wp-content\/uploads\/2022\/10\/laboratorio-aire-300x115.jpg 300w, https:\/\/envirospinoff.es\/wp-content\/uploads\/2022\/10\/laboratorio-aire-1024x394.jpg 1024w, https:\/\/envirospinoff.es\/wp-content\/uploads\/2022\/10\/laboratorio-aire-768x295.jpg 768w, https:\/\/envirospinoff.es\/wp-content\/uploads\/2022\/10\/laboratorio-aire-1536x591.jpg 1536w, https:\/\/envirospinoff.es\/wp-content\/uploads\/2022\/10\/laboratorio-aire-2048x788.jpg 2048w, https:\/\/envirospinoff.es\/wp-content\/uploads\/2022\/10\/laboratorio-aire-18x7.jpg 18w\" sizes=\"(max-width: 300px) 100vw, 300px\" \/><\/noscript><\/figure>\n<\/div><\/div>\n\n\n\n<div id=\"wp-block-themeisle-blocks-advanced-column-481791a6\" class=\"wp-block-themeisle-blocks-advanced-column\">\n<p class=\"has-text-align-center has-medium-font-size\"><strong>An\u00e1lisis de Aire<\/strong><\/p>\n<\/div>\n\n\n\n<div id=\"wp-block-themeisle-blocks-advanced-column-eb18a17a\" class=\"wp-block-themeisle-blocks-advanced-column\">\n<p>\u00d8Calidad de ambientes interiores y laborales.<\/p>\n\n\n\n<p>\u00d8Higiene Industrial<\/p>\n\n\n\n<p>\u00d8Caracterizaci\u00f3n de contaminantes atmosf\u00e9ricos.<\/p>\n\n\n\n<p>\u00d8An\u00e1lisis microbiol\u00f3gicos de atm\u00f3sferas de salas blancas e interiores.<\/p>\n\n\n\n<p>\u00d8An\u00e1lisis del impacto ambiental de un proceso concreto<\/p>\n<\/div>\n<\/div><\/div>\n\n\n\n<div id=\"wp-block-themeisle-blocks-advanced-columns-7bcb188f\" class=\"wp-block-themeisle-blocks-advanced-columns has-3-columns has-desktop-equal-layout has-tablet-equal-layout has-mobile-equal-layout has-vertical-center\"><div class=\"wp-block-themeisle-blocks-advanced-columns-overlay\"><\/div><div class=\"innerblocks-wrap\">\n<div id=\"wp-block-themeisle-blocks-advanced-column-191facc6\" class=\"wp-block-themeisle-blocks-advanced-column\"><div class=\"wp-block-image\">\n<figure class=\"aligncenter size-medium\"><img decoding=\"async\" src=\"data:image\/gif;base64,R0lGODlhAQABAIAAAAAAAP\/\/\/yH5BAEAAAAALAAAAAABAAEAAAIBRAA7\" data-src=\"http:\/\/envirospinoff.es\/wp-content\/uploads\/2022\/10\/laboratorio-alimentos-300x200.jpg\" alt=\"calidad-alimentos\" class=\"wp-image-612 lazyload\"\/><noscript><img decoding=\"async\" width=\"300\" height=\"200\" src=\"http:\/\/envirospinoff.es\/wp-content\/uploads\/2022\/10\/laboratorio-alimentos-300x200.jpg\" alt=\"calidad-alimentos\" class=\"wp-image-612 lazyload\" srcset=\"https:\/\/envirospinoff.es\/wp-content\/uploads\/2022\/10\/laboratorio-alimentos-300x200.jpg 300w, https:\/\/envirospinoff.es\/wp-content\/uploads\/2022\/10\/laboratorio-alimentos-1024x683.jpg 1024w, https:\/\/envirospinoff.es\/wp-content\/uploads\/2022\/10\/laboratorio-alimentos-768x512.jpg 768w, https:\/\/envirospinoff.es\/wp-content\/uploads\/2022\/10\/laboratorio-alimentos-1536x1024.jpg 1536w, https:\/\/envirospinoff.es\/wp-content\/uploads\/2022\/10\/laboratorio-alimentos-2048x1365.jpg 2048w, https:\/\/envirospinoff.es\/wp-content\/uploads\/2022\/10\/laboratorio-alimentos-18x12.jpg 18w, https:\/\/envirospinoff.es\/wp-content\/uploads\/2022\/10\/laboratorio-alimentos-930x620.jpg 930w\" sizes=\"(max-width: 300px) 100vw, 300px\" \/><\/noscript><\/figure>\n<\/div><\/div>\n\n\n\n<div id=\"wp-block-themeisle-blocks-advanced-column-a9e3728a\" class=\"wp-block-themeisle-blocks-advanced-column\">\n<p class=\"has-text-align-center has-medium-font-size\"><strong>An\u00e1lisis de Alimentos<\/strong><\/p>\n<\/div>\n\n\n\n<div id=\"wp-block-themeisle-blocks-advanced-column-1c64330a\" class=\"wp-block-themeisle-blocks-advanced-column\">\n<p>\u00d8An\u00e1lisis microbiol\u00f3gicos y fisicoqu\u00edmico de alimentos.<\/p>\n\n\n\n<p>\u00d8An\u00e1lisis de piensos.<\/p>\n\n\n\n<p>\u00d8An\u00e1lisis de elementos org\u00e1nicos.<\/p>\n\n\n\n<p>\u00d8An\u00e1lisis de extra\u00edbles en alimentos.<\/p>\n\n\n\n<p>\u00d8An\u00e1lisis de contaminantes<\/p>\n<\/div>\n<\/div><\/div>\n\n\n\n<div id=\"wp-block-themeisle-blocks-advanced-columns-cde9efa6\" class=\"wp-block-themeisle-blocks-advanced-columns has-1-columns has-desktop-equal-layout has-tablet-equal-layout has-mobile-equal-layout has-vertical-unset\"><div class=\"wp-block-themeisle-blocks-advanced-columns-overlay\"><\/div><div class=\"innerblocks-wrap\">\n<div id=\"wp-block-themeisle-blocks-advanced-column-07830ea7\" class=\"wp-block-themeisle-blocks-advanced-column\">\n<div id=\"wp-block-themeisle-blocks-advanced-columns-329277c6\" class=\"wp-block-themeisle-blocks-advanced-columns has-2-columns has-desktop-equal-layout has-tablet-equal-layout has-mobile-collapsedRows-layout has-vertical-unset animated fadeInDown ticss-22aecfef\"><div class=\"wp-block-themeisle-blocks-advanced-columns-overlay\"><\/div><div class=\"innerblocks-wrap\">\n<div id=\"wp-block-themeisle-blocks-advanced-column-b37a5e41\" class=\"wp-block-themeisle-blocks-advanced-column ticss-830e11dc\">\n<h2 id=\"wp-block-themeisle-blocks-advanced-heading-037fb3ef\" class=\"wp-block-themeisle-blocks-advanced-heading wp-block-themeisle-blocks-advanced-heading-037fb3ef ticss-6e9ff53a\">ENVIRONMENTAL VISSIBILITY ROADMAP S.L <\/h2>\n<\/div>\n\n\n\n<div id=\"wp-block-themeisle-blocks-advanced-column-75d962ee\" class=\"wp-block-themeisle-blocks-advanced-column\">\n<div id=\"wp-block-themeisle-blocks-button-group-642ef4ce\" class=\"wp-block-themeisle-blocks-button-group wp-block-buttons align-right\">\n<div id=\"wp-block-themeisle-blocks-button-38a4436c\" class=\"wp-block-themeisle-blocks-button wp-block-button\"><a href=\"http:\/\/envirospinoff.es\/en\/contacto\/\" target=\"_self\" rel=\"noopener noreferrer\" class=\"wp-block-button__link\"><span>Contacta con nosotros<\/span><\/a><\/div>\n<\/div>\n<\/div>\n<\/div><\/div>\n<\/div>\n<\/div><\/div>","protected":false},"excerpt":{"rendered":"<p>Laboratorio AN\u00c1LISIS POR SECTOR<\/p>","protected":false},"author":1,"featured_media":0,"parent":0,"menu_order":0,"comment_status":"closed","ping_status":"closed","template":"","meta":{"om_disable_all_campaigns":false,"_monsterinsights_skip_tracking":false,"_monsterinsights_sitenote_active":false,"_monsterinsights_sitenote_note":"","_monsterinsights_sitenote_category":0,"neve_meta_sidebar":"","neve_meta_container":"","neve_meta_enable_content_width":"","neve_meta_content_width":0,"neve_meta_title_alignment":"","neve_meta_author_avatar":"","neve_post_elements_order":"","neve_meta_disable_header":"","neve_meta_disable_footer":"","neve_meta_disable_title":"","_themeisle_gutenberg_block_has_review":false,"footnotes":""},"class_list":["post-347","page","type-page","status-publish","hentry"],"aioseo_notices":[],"_links":{"self":[{"href":"https:\/\/envirospinoff.es\/en\/wp-json\/wp\/v2\/pages\/347","targetHints":{"allow":["GET"]}}],"collection":[{"href":"https:\/\/envirospinoff.es\/en\/wp-json\/wp\/v2\/pages"}],"about":[{"href":"https:\/\/envirospinoff.es\/en\/wp-json\/wp\/v2\/types\/page"}],"author":[{"embeddable":true,"href":"https:\/\/envirospinoff.es\/en\/wp-json\/wp\/v2\/users\/1"}],"replies":[{"embeddable":true,"href":"https:\/\/envirospinoff.es\/en\/wp-json\/wp\/v2\/comments?post=347"}],"version-history":[{"count":35,"href":"https:\/\/envirospinoff.es\/en\/wp-json\/wp\/v2\/pages\/347\/revisions"}],"predecessor-version":[{"id":1144,"href":"https:\/\/envirospinoff.es\/en\/wp-json\/wp\/v2\/pages\/347\/revisions\/1144"}],"wp:attachment":[{"href":"https:\/\/envirospinoff.es\/en\/wp-json\/wp\/v2\/media?parent=347"}],"curies":[{"name":"wp","href":"https:\/\/api.w.org\/{rel}","templated":true}]}}