{"id":349,"date":"2022-10-24T16:13:41","date_gmt":"2022-10-24T16:13:41","guid":{"rendered":"http:\/\/envirospinoff.es\/?page_id=349"},"modified":"2023-05-08T07:58:53","modified_gmt":"2023-05-08T07:58:53","slug":"residuos","status":"publish","type":"page","link":"https:\/\/envirospinoff.es\/en\/residuos\/","title":{"rendered":"Residuos"},"content":{"rendered":"<div id=\"wp-block-themeisle-blocks-advanced-columns-d1e1466f\" class=\"wp-block-themeisle-blocks-advanced-columns has-1-columns has-desktop-equal-layout has-tablet-equal-layout has-mobile-equal-layout has-vertical-unset\"><div class=\"wp-block-themeisle-blocks-advanced-columns-overlay\"><\/div><div class=\"innerblocks-wrap\">\n<div id=\"wp-block-themeisle-blocks-advanced-column-80f15f18\" class=\"wp-block-themeisle-blocks-advanced-column\">\n<h2 class=\"wp-block-heading ticss-74283f70\" style=\"text-transform:capitalize\">Residuos<\/h2>\n\n\n\n<p class=\"has-medium-font-size\">Nuestro trabajo se centra en la qu\u00edmica sostenible, realizando s\u00edntesis no contaminantes, disolventes alternativos, radiaci\u00f3n microondas asi como el an\u00e1lisis y caracterizaci\u00f3n de alimentos y residuos de industrias del sector primario y secundario, muy abundantes en Castilla-La Mancha. Adem\u00e1s de la revalorizaci\u00f3n de residuos mediante la s\u00edntesis de compuestos plataforma de nuevos combustibles y otros compuestos de gran valor a\u00f1adido. Ofrecemos servicios como: <\/p>\n\n\n\n<div id=\"wp-block-themeisle-blocks-advanced-columns-cdd95135\" class=\"wp-block-themeisle-blocks-advanced-columns has-2-columns has-desktop-equal-layout has-tablet-equal-layout has-mobile-collapsedRows-layout has-vertical-unset\"><div class=\"wp-block-themeisle-blocks-advanced-columns-overlay\"><\/div><div class=\"innerblocks-wrap\">\n<div id=\"wp-block-themeisle-blocks-advanced-column-e53cc121\" class=\"wp-block-themeisle-blocks-advanced-column\"><\/div>\n\n\n\n<div id=\"wp-block-themeisle-blocks-advanced-column-9f2a1a57\" class=\"wp-block-themeisle-blocks-advanced-column\"><\/div>\n<\/div><\/div>\n\n\n\n<p class=\"has-medium-font-size\">\u2022 Caracterizaci\u00f3n de residuos.<\/p>\n\n\n\n<p class=\"has-medium-font-size\">\u2022Obtener productos de valor a\u00f1adido a partir de revalorizaci\u00f3n de residuos.<\/p>\n\n\n\n<p class=\"has-medium-font-size\">\u2022Aplicaci\u00f3n de tecnolog\u00edas qu\u00edmicas limpias y su aplicaci\u00f3n a la valorizaci\u00f3n de recursos.<\/p>\n\n\n\n<p class=\"has-medium-font-size\">\u2022Determinaci\u00f3n de la huella de carbono. <\/p>\n\n\n\n<p class=\"has-medium-font-size\">\u2022Estudio de la viabilidad t\u00e9cnica, econ\u00f3mica y ambiental de la revalorizaci\u00f3n de residuos.<\/p>\n\n\n\n<p class=\"has-medium-font-size\">\u2022Utilizaci\u00f3n de residuos de la cadena de suministro de alimentos como materia prima para la fabricaci\u00f3n de productos qu\u00edmicos y materiales.<\/p>\n<\/div>\n<\/div><\/div>\n\n\n\n<div id=\"wp-block-themeisle-blocks-advanced-columns-329277c6\" class=\"wp-block-themeisle-blocks-advanced-columns has-2-columns has-desktop-equal-layout has-tablet-equal-layout has-mobile-collapsedRows-layout has-vertical-unset animated fadeInDown ticss-22aecfef\"><div class=\"wp-block-themeisle-blocks-advanced-columns-overlay\"><\/div><div class=\"innerblocks-wrap\">\n<div id=\"wp-block-themeisle-blocks-advanced-column-b37a5e41\" class=\"wp-block-themeisle-blocks-advanced-column ticss-830e11dc\">\n<h2 id=\"wp-block-themeisle-blocks-advanced-heading-037fb3ef\" class=\"wp-block-themeisle-blocks-advanced-heading wp-block-themeisle-blocks-advanced-heading-037fb3ef ticss-6e9ff53a\">ENVIRONMENTAL VISSIBILITY ROADMAP S.L <\/h2>\n<\/div>\n\n\n\n<div id=\"wp-block-themeisle-blocks-advanced-column-75d962ee\" class=\"wp-block-themeisle-blocks-advanced-column\">\n<div id=\"wp-block-themeisle-blocks-button-group-642ef4ce\" class=\"wp-block-themeisle-blocks-button-group wp-block-buttons align-right\">\n<div id=\"wp-block-themeisle-blocks-button-38a4436c\" class=\"wp-block-themeisle-blocks-button wp-block-button\"><a href=\"http:\/\/envirospinoff.es\/en\/contacto\/\" target=\"_self\" rel=\"noopener noreferrer\" class=\"wp-block-button__link\"><span>Contacta con nosotros<\/span><\/a><\/div>\n<\/div>\n<\/div>\n<\/div><\/div>","protected":false},"excerpt":{"rendered":"","protected":false},"author":1,"featured_media":0,"parent":0,"menu_order":0,"comment_status":"closed","ping_status":"closed","template":"","meta":{"om_disable_all_campaigns":false,"_monsterinsights_skip_tracking":false,"_monsterinsights_sitenote_active":false,"_monsterinsights_sitenote_note":"","_monsterinsights_sitenote_category":0,"neve_meta_sidebar":"","neve_meta_container":"","neve_meta_enable_content_width":"","neve_meta_content_width":0,"neve_meta_title_alignment":"","neve_meta_author_avatar":"","neve_post_elements_order":"","neve_meta_disable_header":"","neve_meta_disable_footer":"","neve_meta_disable_title":"","_themeisle_gutenberg_block_has_review":false,"footnotes":""},"class_list":["post-349","page","type-page","status-publish","hentry"],"aioseo_notices":[],"_links":{"self":[{"href":"https:\/\/envirospinoff.es\/en\/wp-json\/wp\/v2\/pages\/349","targetHints":{"allow":["GET"]}}],"collection":[{"href":"https:\/\/envirospinoff.es\/en\/wp-json\/wp\/v2\/pages"}],"about":[{"href":"https:\/\/envirospinoff.es\/en\/wp-json\/wp\/v2\/types\/page"}],"author":[{"embeddable":true,"href":"https:\/\/envirospinoff.es\/en\/wp-json\/wp\/v2\/users\/1"}],"replies":[{"embeddable":true,"href":"https:\/\/envirospinoff.es\/en\/wp-json\/wp\/v2\/comments?post=349"}],"version-history":[{"count":12,"href":"https:\/\/envirospinoff.es\/en\/wp-json\/wp\/v2\/pages\/349\/revisions"}],"predecessor-version":[{"id":1116,"href":"https:\/\/envirospinoff.es\/en\/wp-json\/wp\/v2\/pages\/349\/revisions\/1116"}],"wp:attachment":[{"href":"https:\/\/envirospinoff.es\/en\/wp-json\/wp\/v2\/media?parent=349"}],"curies":[{"name":"wp","href":"https:\/\/api.w.org\/{rel}","templated":true}]}}