{"id":351,"date":"2022-10-24T16:15:29","date_gmt":"2022-10-24T16:15:29","guid":{"rendered":"http:\/\/envirospinoff.es\/?page_id=351"},"modified":"2022-11-28T11:43:15","modified_gmt":"2022-11-28T11:43:15","slug":"i-d","status":"publish","type":"page","link":"https:\/\/envirospinoff.es\/en\/i-d\/","title":{"rendered":"I + D"},"content":{"rendered":"<h2 class=\"ticss-0d0e5172 wp-block-heading\">I + D<\/h2>\n\n\n\n<div id=\"wp-block-themeisle-blocks-advanced-columns-c0f01077\" class=\"wp-block-themeisle-blocks-advanced-columns has-1-columns has-desktop-equal-layout has-tablet-equal-layout has-mobile-equal-layout has-vertical-unset\"><div class=\"wp-block-themeisle-blocks-advanced-columns-overlay\"><\/div><div class=\"innerblocks-wrap\">\n<div id=\"wp-block-themeisle-blocks-advanced-column-081a371d\" class=\"wp-block-themeisle-blocks-advanced-column\">\n<p>Desde&nbsp; ENVIRO&nbsp; ofrecemos&nbsp; un servicio de I+D a la carta, apoy\u00e1ndonos en el conocimiento y talento demostrado por el tejido investigador de la Universidad de Castilla-La Mancha, gran parte del equipo que forma parte de la spin-off ha colaborado los \u00faltimos cinco a\u00f1os en el desarrollo de proyectos en colaboraci\u00f3n, por lo que ya tiene interiorizadas las habilidades y metodolog\u00eda de trabajo para ofrecer servicios innovadores, ser expertos en la materia y resolver problemas reales.<\/p>\n<\/div>\n<\/div><\/div>\n\n\n<div class=\"wp-block-image ticss-c8ea3890\">\n<figure class=\"aligncenter size-full\"><img decoding=\"async\" src=\"data:image\/gif;base64,R0lGODlhAQABAIAAAAAAAP\/\/\/yH5BAEAAAAALAAAAAABAAEAAAIBRAA7\" data-src=\"http:\/\/envirospinoff.es\/wp-content\/uploads\/2022\/10\/ImagenFLECHAID.png\" alt=\"\" class=\"wp-image-352 lazyload\"\/><noscript><img decoding=\"async\" width=\"850\" height=\"288\" src=\"http:\/\/envirospinoff.es\/wp-content\/uploads\/2022\/10\/ImagenFLECHAID.png\" alt=\"\" class=\"wp-image-352 lazyload\" srcset=\"https:\/\/envirospinoff.es\/wp-content\/uploads\/2022\/10\/ImagenFLECHAID.png 850w, https:\/\/envirospinoff.es\/wp-content\/uploads\/2022\/10\/ImagenFLECHAID-300x102.png 300w, https:\/\/envirospinoff.es\/wp-content\/uploads\/2022\/10\/ImagenFLECHAID-768x260.png 768w, https:\/\/envirospinoff.es\/wp-content\/uploads\/2022\/10\/ImagenFLECHAID-18x6.png 18w\" sizes=\"(max-width: 850px) 100vw, 850px\" \/><\/noscript><\/figure>\n<\/div>\n\n\n<div id=\"wp-block-themeisle-blocks-advanced-columns-e7e14b54\" class=\"wp-block-themeisle-blocks-advanced-columns has-1-columns has-desktop-equal-layout has-tablet-equal-layout has-mobile-equal-layout has-vertical-unset\"><div class=\"wp-block-themeisle-blocks-advanced-columns-overlay\"><\/div><div class=\"innerblocks-wrap\">\n<div id=\"wp-block-themeisle-blocks-advanced-column-346ae9d1\" class=\"wp-block-themeisle-blocks-advanced-column\">\n<ul class=\"wp-block-list\">\n<li>Asesoramiento en desarrollo i +D<\/li>\n\n\n\n<li>Asesoramiento en propuestas de proyectos de I+D+i para presentar a convocatorias en concurrencia competitiva<\/li>\n<\/ul>\n<\/div>\n<\/div><\/div>\n\n\n\n<div id=\"wp-block-themeisle-blocks-advanced-columns-329277c6\" class=\"wp-block-themeisle-blocks-advanced-columns has-2-columns has-desktop-equal-layout has-tablet-equal-layout has-mobile-collapsedRows-layout has-vertical-unset animated fadeInDown ticss-22aecfef\"><div class=\"wp-block-themeisle-blocks-advanced-columns-overlay\"><\/div><div class=\"innerblocks-wrap\">\n<div id=\"wp-block-themeisle-blocks-advanced-column-b37a5e41\" class=\"wp-block-themeisle-blocks-advanced-column ticss-830e11dc\">\n<h2 id=\"wp-block-themeisle-blocks-advanced-heading-037fb3ef\" class=\"wp-block-themeisle-blocks-advanced-heading wp-block-themeisle-blocks-advanced-heading-037fb3ef ticss-6e9ff53a\">ENVIRONMENTAL VISSIBILITY ROADMAP S.L <\/h2>\n<\/div>\n\n\n\n<div id=\"wp-block-themeisle-blocks-advanced-column-75d962ee\" class=\"wp-block-themeisle-blocks-advanced-column\">\n<div id=\"wp-block-themeisle-blocks-button-group-642ef4ce\" class=\"wp-block-themeisle-blocks-button-group wp-block-buttons align-right\">\n<div id=\"wp-block-themeisle-blocks-button-38a4436c\" class=\"wp-block-themeisle-blocks-button wp-block-button\"><a href=\"http:\/\/envirospinoff.es\/en\/contacto\/\" target=\"_self\" rel=\"noopener noreferrer\" class=\"wp-block-button__link\"><span>Contacta con nosotros<\/span><\/a><\/div>\n<\/div>\n<\/div>\n<\/div><\/div>","protected":false},"excerpt":{"rendered":"<p>I + D<\/p>","protected":false},"author":1,"featured_media":0,"parent":0,"menu_order":0,"comment_status":"closed","ping_status":"closed","template":"","meta":{"om_disable_all_campaigns":false,"_monsterinsights_skip_tracking":false,"_monsterinsights_sitenote_active":false,"_monsterinsights_sitenote_note":"","_monsterinsights_sitenote_category":0,"neve_meta_sidebar":"","neve_meta_container":"","neve_meta_enable_content_width":"","neve_meta_content_width":0,"neve_meta_title_alignment":"","neve_meta_author_avatar":"","neve_post_elements_order":"","neve_meta_disable_header":"","neve_meta_disable_footer":"","neve_meta_disable_title":"","_themeisle_gutenberg_block_has_review":false,"footnotes":""},"class_list":["post-351","page","type-page","status-publish","hentry"],"aioseo_notices":[],"_links":{"self":[{"href":"https:\/\/envirospinoff.es\/en\/wp-json\/wp\/v2\/pages\/351","targetHints":{"allow":["GET"]}}],"collection":[{"href":"https:\/\/envirospinoff.es\/en\/wp-json\/wp\/v2\/pages"}],"about":[{"href":"https:\/\/envirospinoff.es\/en\/wp-json\/wp\/v2\/types\/page"}],"author":[{"embeddable":true,"href":"https:\/\/envirospinoff.es\/en\/wp-json\/wp\/v2\/users\/1"}],"replies":[{"embeddable":true,"href":"https:\/\/envirospinoff.es\/en\/wp-json\/wp\/v2\/comments?post=351"}],"version-history":[{"count":6,"href":"https:\/\/envirospinoff.es\/en\/wp-json\/wp\/v2\/pages\/351\/revisions"}],"predecessor-version":[{"id":919,"href":"https:\/\/envirospinoff.es\/en\/wp-json\/wp\/v2\/pages\/351\/revisions\/919"}],"wp:attachment":[{"href":"https:\/\/envirospinoff.es\/en\/wp-json\/wp\/v2\/media?parent=351"}],"curies":[{"name":"wp","href":"https:\/\/api.w.org\/{rel}","templated":true}]}}