{"id":380,"date":"2022-10-24T16:55:14","date_gmt":"2022-10-24T16:55:14","guid":{"rendered":"http:\/\/envirospinoff.es\/?page_id=380"},"modified":"2022-10-31T17:48:06","modified_gmt":"2022-10-31T17:48:06","slug":"resumen-ejecutivo","status":"publish","type":"page","link":"https:\/\/envirospinoff.es\/en\/resumen-ejecutivo\/","title":{"rendered":"Resumen ejecutivo"},"content":{"rendered":"<div id=\"wp-block-themeisle-blocks-advanced-columns-09c5aee0\" class=\"wp-block-themeisle-blocks-advanced-columns has-1-columns has-desktop-equal-layout has-tablet-equal-layout has-mobile-equal-layout has-vertical-unset\"><div class=\"wp-block-themeisle-blocks-advanced-columns-overlay\"><\/div><div class=\"innerblocks-wrap\">\n<div id=\"wp-block-themeisle-blocks-advanced-column-2d7a8897\" class=\"wp-block-themeisle-blocks-advanced-column\">\n<p>Nuestra sociedad globalizada se enfrenta a distintos e importantes retos medioambientales \u00edntimamente relacionados con en el cambio clim\u00e1tico, algunos de ellos especialmente preocupantes como la escasez de recursos naturales, la contaminaci\u00f3n y la producci\u00f3n de energ\u00eda.<br>Al referirnos a los problemas de contaminaci\u00f3n, no solo pensamos en la contaminaci\u00f3n directa del medioambiente (aire, agua, suelo), sino tambi\u00e9n nos preocupa la contaminaci\u00f3n procedente de toneladas de residuos generadas por diferentes fuentes. Los estados promueven leyes y normativas para controlar el vertido de todo tipo de contaminantes, Directivas Marco 2004\/107\/CE y la 2008\/50\/CE para calidad del aire ambiente transpuestas en Espa\u00f1a en los Reales Decretos 678\/2014 y RD 39\/2017; RD 9\/2005 para suelos contaminados, RD 773\/2017 para emisiones industriales y las leyes 22\/2011 y 11\/2012 para residuos y suelos contaminados y medidas urgentes para conservar el medioambiente.<br>Adem\u00e1s, en este contexto, la Uni\u00f3n Europea est\u00e1 promoviendo pol\u00edticas que limitan la contaminaci\u00f3n y conducen hacia nuevos modelos de gesti\u00f3n de subproductos basados en la bioeconom\u00eda y la econom\u00eda circular.<br>En cuanto a los residuos, preocupa especialmente los procedentes de la industria agroalimentaria, la gesti\u00f3n de estos residuos est\u00e1 generando graves problemas medioambientales para las empresas que demandan una salida con viabilidad tecnol\u00f3gica, econ\u00f3mica y que a su vez sea respetuosa con el medioambiente. De aqu\u00ed que las empresas, en particular las agroalimentarias, demanden tecnolog\u00edas dirigidas a la explotaci\u00f3n de residuos org\u00e1nicos, fomentada en parte por la Directiva Marco de Residuos de 2011 que establece la obligatoriedad de su recogida y reutilizaci\u00f3n.<\/p>\n\n\n\n<p class=\"has-text-align-left ticss-492204e7\">El grupo de investigaci\u00f3n de Qu\u00edmica y Contaminaci\u00f3n Atmosf\u00e9rica de la Universidad de Castilla la Mancha lleva m\u00e1s de 30 a\u00f1os estudiando procesos de contaminaci\u00f3n e identificando las especies que intervienen en ellos, y ha desarrollado m\u00e9todos de captaci\u00f3n y an\u00e1lisis para distintas especies contaminantes. El Grupo Qu\u00edmica Org\u00e1nica Sostenible, Qu\u00edmica de Alimentos y Residuos Agroalimentarios, presenta gran experiencia en procesos de valorizaci\u00f3n de residuos agroalimentarios, buscando diferentes v\u00edas para el aprovechamiento y\/o la transformaci\u00f3n de residuos procedentes fundamentalmente de la biomasa. <\/p>\n\n\n\n<p class=\"has-text-align-left ticss-492204e7\">En los \u00faltimos 10 a\u00f1os, ambos grupos han colaborado y han desarrollado una l\u00ednea de investigaci\u00f3n en la que se ha priorizado la revalorizaci\u00f3n energ\u00e9tica de la de residuos de biomasa, materializ\u00e1ndose en la s\u00edntesis de biocombustibles medioambientalmente sostenibles. As\u00ed mismo, participan en la c\u00e1tedra Universidad-Empresa Innovaci\u00f3n Abierta, con el fin de promover estudios sobre contaminaci\u00f3n y revalorizaci\u00f3n de residuos en las empresas de la regi\u00f3n. <\/p>\n\n\n\n<p class=\"has-text-align-left ticss-492204e7\">El conocimiento y la experiencia adquirida, en la universidad, sobre qu\u00edmica medioambiental, contaminaci\u00f3n y tratamiento de residuos, as\u00ed como el conocimiento del mundo empresarial, los problemas medioambientales y de sostenibilidad, al que continuamente se est\u00e1 enfrentando<br>la industria, nos ha llevado a considerar la creaci\u00f3n de una spin-off como la mejor plataforma para acercar nuestros conocimientos, m\u00e9todos y procedimientos a todo tipo de industrias e instituciones. Adem\u00e1s de ofrecerles asesoramiento que permita encontrar la mejor soluci\u00f3n, medioambientalmente sostenible, a sus problemas de contaminaci\u00f3n y producci\u00f3n de residuos.<\/p>\n<\/div>\n<\/div><\/div>","protected":false},"excerpt":{"rendered":"","protected":false},"author":1,"featured_media":0,"parent":0,"menu_order":0,"comment_status":"closed","ping_status":"closed","template":"","meta":{"om_disable_all_campaigns":false,"_monsterinsights_skip_tracking":false,"_monsterinsights_sitenote_active":false,"_monsterinsights_sitenote_note":"","_monsterinsights_sitenote_category":0,"neve_meta_sidebar":"","neve_meta_container":"","neve_meta_enable_content_width":"","neve_meta_content_width":0,"neve_meta_title_alignment":"","neve_meta_author_avatar":"","neve_post_elements_order":"","neve_meta_disable_header":"","neve_meta_disable_footer":"","neve_meta_disable_title":"","_themeisle_gutenberg_block_has_review":false,"footnotes":""},"class_list":["post-380","page","type-page","status-publish","hentry"],"aioseo_notices":[],"_links":{"self":[{"href":"https:\/\/envirospinoff.es\/en\/wp-json\/wp\/v2\/pages\/380","targetHints":{"allow":["GET"]}}],"collection":[{"href":"https:\/\/envirospinoff.es\/en\/wp-json\/wp\/v2\/pages"}],"about":[{"href":"https:\/\/envirospinoff.es\/en\/wp-json\/wp\/v2\/types\/page"}],"author":[{"embeddable":true,"href":"https:\/\/envirospinoff.es\/en\/wp-json\/wp\/v2\/users\/1"}],"replies":[{"embeddable":true,"href":"https:\/\/envirospinoff.es\/en\/wp-json\/wp\/v2\/comments?post=380"}],"version-history":[{"count":2,"href":"https:\/\/envirospinoff.es\/en\/wp-json\/wp\/v2\/pages\/380\/revisions"}],"predecessor-version":[{"id":761,"href":"https:\/\/envirospinoff.es\/en\/wp-json\/wp\/v2\/pages\/380\/revisions\/761"}],"wp:attachment":[{"href":"https:\/\/envirospinoff.es\/en\/wp-json\/wp\/v2\/media?parent=380"}],"curies":[{"name":"wp","href":"https:\/\/api.w.org\/{rel}","templated":true}]}}