{"id":681,"date":"2022-10-31T10:34:16","date_gmt":"2022-10-31T10:34:16","guid":{"rendered":"http:\/\/envirospinoff.es\/?page_id=681"},"modified":"2022-10-31T17:30:55","modified_gmt":"2022-10-31T17:30:55","slug":"parte-iv-plan-de-operaciones","status":"publish","type":"page","link":"https:\/\/envirospinoff.es\/en\/parte-iv-plan-de-operaciones\/","title":{"rendered":"PARTE IV: Plan de operaciones"},"content":{"rendered":"<div id=\"wp-block-themeisle-blocks-advanced-columns-5f578e78\" class=\"wp-block-themeisle-blocks-advanced-columns has-1-columns has-desktop-equal-layout has-tablet-equal-layout has-mobile-equal-layout has-vertical-unset\"><div class=\"wp-block-themeisle-blocks-advanced-columns-overlay\"><\/div><div class=\"innerblocks-wrap\">\n<div id=\"wp-block-themeisle-blocks-advanced-column-d1a2a955\" class=\"wp-block-themeisle-blocks-advanced-column\">\n<div id=\"wp-block-themeisle-blocks-advanced-columns-34a0b813\" class=\"wp-block-themeisle-blocks-advanced-columns has-1-columns has-desktop-equal-layout has-tablet-equal-layout has-mobile-equal-layout has-vertical-unset\"><div class=\"wp-block-themeisle-blocks-advanced-columns-overlay\"><\/div><div class=\"innerblocks-wrap\">\n<div id=\"wp-block-themeisle-blocks-advanced-column-63525cba\" class=\"wp-block-themeisle-blocks-advanced-column\"><div class=\"wp-block-image\">\n<figure class=\"aligncenter size-full\"><img decoding=\"async\" src=\"data:image\/gif;base64,R0lGODlhAQABAIAAAAAAAP\/\/\/yH5BAEAAAAALAAAAAABAAEAAAIBRAA7\" data-src=\"http:\/\/envirospinoff.es\/wp-content\/uploads\/2022\/10\/edificio-polivalente.png\" alt=\"localizacion-edificio-polivalente\" class=\"wp-image-679 lazyload\"\/><noscript><img decoding=\"async\" width=\"693\" height=\"277\" src=\"http:\/\/envirospinoff.es\/wp-content\/uploads\/2022\/10\/edificio-polivalente.png\" alt=\"localizacion-edificio-polivalente\" class=\"wp-image-679 lazyload\" srcset=\"https:\/\/envirospinoff.es\/wp-content\/uploads\/2022\/10\/edificio-polivalente.png 693w, https:\/\/envirospinoff.es\/wp-content\/uploads\/2022\/10\/edificio-polivalente-300x120.png 300w, https:\/\/envirospinoff.es\/wp-content\/uploads\/2022\/10\/edificio-polivalente-18x7.png 18w\" sizes=\"(max-width: 693px) 100vw, 693px\" \/><\/noscript><figcaption>Localizaci\u00f3n Edificio Polivalente ICCA<\/figcaption><\/figure>\n<\/div><\/div>\n<\/div><\/div>\n<\/div>\n<\/div><\/div>\n\n\n\n<div id=\"wp-block-themeisle-blocks-advanced-columns-86b2bcc1\" class=\"wp-block-themeisle-blocks-advanced-columns has-1-columns has-desktop-equal-layout has-tablet-equal-layout has-mobile-equal-layout has-vertical-unset\"><div class=\"wp-block-themeisle-blocks-advanced-columns-overlay\"><\/div><div class=\"innerblocks-wrap\">\n<div id=\"wp-block-themeisle-blocks-advanced-column-f8246fad\" class=\"wp-block-themeisle-blocks-advanced-column\">\n<h2 class=\"has-neve-link-color-color has-text-color wp-block-heading\">DISE\u00d1O DE LAS INSTALACIONES (ESPACIOS Y EQUIPOS A UTILIZAR)<\/h2>\n<\/div>\n<\/div><\/div>\n\n\n\n<p>Una gran parte del trabajo de esta empresa se realizar\u00e1 en las instalaciones de los posibles clientes por lo que inicialmente, se requerir\u00e1 \u00fanicamente de espacio (despacho) que nos permita tener la infraestructura m\u00ednima para atender a los posibles clientes, elaborar proyectos y preparar informes. Se necesitar\u00e1 de un espacio m\u00ednimo, se propone dedicar parte de un despacho asignado al grupo<br>de QyCA, que en planta es de aproximadamente 5m2. Con el que canon de 7,5\u20ac\/m2 y mes, supone una cantidad de 37,5 \u20ac\/mes, y de 450 \u20ac\/a\u00f1o.<\/p>\n\n\n\n<p><br>A continuaci\u00f3n, se muestra plano de la localizaci\u00f3n del espacio sombreado y fotos de la zona a ocupar inicialmente:<\/p>\n\n\n\n<div id=\"wp-block-themeisle-blocks-advanced-columns-0be19eec\" class=\"wp-block-themeisle-blocks-advanced-columns has-1-columns has-desktop-equal-layout has-tablet-equal-layout has-mobile-equal-layout has-vertical-unset\"><div class=\"wp-block-themeisle-blocks-advanced-columns-overlay\"><\/div><div class=\"innerblocks-wrap\">\n<div id=\"wp-block-themeisle-blocks-advanced-column-48568339\" class=\"wp-block-themeisle-blocks-advanced-column\">\n<figure class=\"wp-block-image size-full\"><img decoding=\"async\" src=\"data:image\/gif;base64,R0lGODlhAQABAIAAAAAAAP\/\/\/yH5BAEAAAAALAAAAAABAAEAAAIBRAA7\" data-src=\"http:\/\/envirospinoff.es\/wp-content\/uploads\/2022\/10\/plano.png\" alt=\"plano\" class=\"wp-image-689 lazyload\"\/><noscript><img decoding=\"async\" width=\"710\" height=\"244\" src=\"http:\/\/envirospinoff.es\/wp-content\/uploads\/2022\/10\/plano.png\" alt=\"plano\" class=\"wp-image-689 lazyload\" srcset=\"https:\/\/envirospinoff.es\/wp-content\/uploads\/2022\/10\/plano.png 710w, https:\/\/envirospinoff.es\/wp-content\/uploads\/2022\/10\/plano-300x103.png 300w, https:\/\/envirospinoff.es\/wp-content\/uploads\/2022\/10\/plano-18x6.png 18w\" sizes=\"(max-width: 710px) 100vw, 710px\" \/><\/noscript><\/figure>\n<\/div>\n<\/div><\/div>\n\n\n\n<div id=\"wp-block-themeisle-blocks-advanced-columns-8f5d85ef\" class=\"wp-block-themeisle-blocks-advanced-columns has-2-columns has-desktop-equal-layout has-tablet-equal-layout has-mobile-equal-layout has-vertical-unset\"><div class=\"wp-block-themeisle-blocks-advanced-columns-overlay\"><\/div><div class=\"innerblocks-wrap\">\n<div id=\"wp-block-themeisle-blocks-advanced-column-d45fb7db\" class=\"wp-block-themeisle-blocks-advanced-column\"><div class=\"wp-block-image\">\n<figure class=\"aligncenter size-full\"><img decoding=\"async\" src=\"data:image\/gif;base64,R0lGODlhAQABAIAAAAAAAP\/\/\/yH5BAEAAAAALAAAAAABAAEAAAIBRAA7\" data-src=\"http:\/\/envirospinoff.es\/wp-content\/uploads\/2022\/10\/zona-ocupar.png\" alt=\"zona-ocupar\" class=\"wp-image-690 lazyload\"\/><noscript><img decoding=\"async\" width=\"339\" height=\"460\" src=\"http:\/\/envirospinoff.es\/wp-content\/uploads\/2022\/10\/zona-ocupar.png\" alt=\"zona-ocupar\" class=\"wp-image-690 lazyload\" srcset=\"https:\/\/envirospinoff.es\/wp-content\/uploads\/2022\/10\/zona-ocupar.png 339w, https:\/\/envirospinoff.es\/wp-content\/uploads\/2022\/10\/zona-ocupar-221x300.png 221w, https:\/\/envirospinoff.es\/wp-content\/uploads\/2022\/10\/zona-ocupar-9x12.png 9w\" sizes=\"(max-width: 339px) 100vw, 339px\" \/><\/noscript><\/figure>\n<\/div><\/div>\n\n\n\n<div id=\"wp-block-themeisle-blocks-advanced-column-d46a1bcf\" class=\"wp-block-themeisle-blocks-advanced-column\">\n<div id=\"wp-block-themeisle-blocks-advanced-columns-ad8eaa3e\" class=\"wp-block-themeisle-blocks-advanced-columns has-1-columns has-desktop-equal-layout has-tablet-equal-layout has-mobile-equal-layout has-vertical-unset\"><div class=\"wp-block-themeisle-blocks-advanced-columns-overlay\"><\/div><div class=\"innerblocks-wrap\">\n<div id=\"wp-block-themeisle-blocks-advanced-column-5f10b556\" class=\"wp-block-themeisle-blocks-advanced-column\">\n<h2 class=\"has-neve-link-color-color has-text-color wp-block-heading\">LOG\u00cdSTICA (PUNTO DE VENTA Y DISTRIBUCI\u00d3N)<\/h2>\n<\/div>\n<\/div><\/div>\n\n\n\n<div id=\"wp-block-themeisle-blocks-advanced-columns-ea8db413\" class=\"wp-block-themeisle-blocks-advanced-columns has-1-columns has-desktop-equal-layout has-tablet-equal-layout has-mobile-equal-layout has-vertical-unset\"><div class=\"wp-block-themeisle-blocks-advanced-columns-overlay\"><\/div><div class=\"innerblocks-wrap\">\n<div id=\"wp-block-themeisle-blocks-advanced-column-3f945fee\" class=\"wp-block-themeisle-blocks-advanced-column\">\n<p>Al estar la empresa inicialmente localizada en<br>el Campus de Ciudad Real, \u00e9ste ser\u00e1 el punto de<br>venta y de distribuci\u00f3n de las distintas l\u00edneas de<br>negocio. Dicha ubicaci\u00f3n permitir\u00e1 el contacto<br>con clientes y otras empresas tecnol\u00f3gicas.<br>Ser\u00e1 el centro log\u00edstico desde el que se<br>organizar\u00e1n desplazamientos para atender las<br>necesidades de los diferentes clientes. Para<br>estos desplazamientos se emplear\u00e1 veh\u00edculo<br>propio de la persona contratada o bien de<br>los promotores que pasar\u00e1n los gastos de<br>kilometraje y dietas a la spin-off.<br>El \u00e1rea de actuaci\u00f3n ser\u00e1 inicialmente para<br>clientes pr\u00f3ximos a la sede, de la propia<br>Comunidad Aut\u00f3noma y es deseable extenderse<br>a toda la Pen\u00ednsula Ib\u00e9rica. La distribuci\u00f3n de<br>los servicios podr\u00e1 ser on-line o directamente al<br>cliente ya sea porque este se desplace a nuestra<br>sede o bien promotores y\/o el contratado se<br>desplace a la sede del cliente.<\/p>\n<\/div>\n<\/div><\/div>\n<\/div>\n<\/div><\/div>","protected":false},"excerpt":{"rendered":"<p>Una gran parte del trabajo de esta empresa se realizar\u00e1 en las instalaciones de los posibles clientes por lo que inicialmente, se requerir\u00e1 \u00fanicamente de espacio (despacho) que nos permita tener la infraestructura m\u00ednima para atender a los posibles clientes, elaborar proyectos y preparar informes. Se necesitar\u00e1 de un espacio m\u00ednimo, se propone dedicar parte&hellip;&nbsp;<a href=\"https:\/\/envirospinoff.es\/en\/parte-iv-plan-de-operaciones\/\" rel=\"bookmark\">Read More &raquo;<span class=\"screen-reader-text\">PARTE IV: Plan de operaciones<\/span><\/a><\/p>","protected":false},"author":1,"featured_media":0,"parent":0,"menu_order":0,"comment_status":"closed","ping_status":"closed","template":"","meta":{"om_disable_all_campaigns":false,"_monsterinsights_skip_tracking":false,"_monsterinsights_sitenote_active":false,"_monsterinsights_sitenote_note":"","_monsterinsights_sitenote_category":0,"neve_meta_sidebar":"","neve_meta_container":"","neve_meta_enable_content_width":"","neve_meta_content_width":0,"neve_meta_title_alignment":"","neve_meta_author_avatar":"","neve_post_elements_order":"","neve_meta_disable_header":"","neve_meta_disable_footer":"","neve_meta_disable_title":"","_themeisle_gutenberg_block_has_review":false,"footnotes":""},"class_list":["post-681","page","type-page","status-publish","hentry"],"aioseo_notices":[],"_links":{"self":[{"href":"https:\/\/envirospinoff.es\/en\/wp-json\/wp\/v2\/pages\/681","targetHints":{"allow":["GET"]}}],"collection":[{"href":"https:\/\/envirospinoff.es\/en\/wp-json\/wp\/v2\/pages"}],"about":[{"href":"https:\/\/envirospinoff.es\/en\/wp-json\/wp\/v2\/types\/page"}],"author":[{"embeddable":true,"href":"https:\/\/envirospinoff.es\/en\/wp-json\/wp\/v2\/users\/1"}],"replies":[{"embeddable":true,"href":"https:\/\/envirospinoff.es\/en\/wp-json\/wp\/v2\/comments?post=681"}],"version-history":[{"count":7,"href":"https:\/\/envirospinoff.es\/en\/wp-json\/wp\/v2\/pages\/681\/revisions"}],"predecessor-version":[{"id":751,"href":"https:\/\/envirospinoff.es\/en\/wp-json\/wp\/v2\/pages\/681\/revisions\/751"}],"wp:attachment":[{"href":"https:\/\/envirospinoff.es\/en\/wp-json\/wp\/v2\/media?parent=681"}],"curies":[{"name":"wp","href":"https:\/\/api.w.org\/{rel}","templated":true}]}}