{"id":717,"date":"2022-10-31T15:44:00","date_gmt":"2022-10-31T15:44:00","guid":{"rendered":"http:\/\/envirospinoff.es\/?page_id=717"},"modified":"2025-01-25T18:09:27","modified_gmt":"2025-01-25T18:09:27","slug":"parte-vi-plan-economico-financiero","status":"publish","type":"page","link":"https:\/\/envirospinoff.es\/en\/parte-vi-plan-economico-financiero\/","title":{"rendered":"PARTE VI: PLAN ECON\u00d3MICO FINANCIERO"},"content":{"rendered":"<div id=\"wp-block-themeisle-blocks-advanced-columns-adb8af94\" class=\"wp-block-themeisle-blocks-advanced-columns has-1-columns has-desktop-equal-layout has-tablet-equal-layout has-mobile-equal-layout has-vertical-unset\"><div class=\"wp-block-themeisle-blocks-advanced-columns-overlay\"><\/div><div class=\"innerblocks-wrap\">\n<div id=\"wp-block-themeisle-blocks-advanced-column-e266cad9\" class=\"wp-block-themeisle-blocks-advanced-column\">\n<div style=\"height:100px\" aria-hidden=\"true\" class=\"wp-block-spacer\"><\/div>\n\n\n\n<h2 class=\"wp-block-heading\">01. BALANCE INICIAL<\/h2>\n<\/div>\n<\/div><\/div>\n\n\n\n<p>La empresa se constituir\u00e1 con un capital social de 25.000 \u20ac, que se distribuyen tal y como se especifica en el cap\u00edtulo siguiente entre los socios, mediante aportaciones dinerarias desembolsadas en el momento de constituir la sociedad.<br>En este sentido, el balance inicial de la empresa ser\u00e1 el siguiente:<\/p>\n\n\n<div class=\"wp-block-image\">\n<figure class=\"aligncenter size-full\"><img decoding=\"async\" src=\"data:image\/gif;base64,R0lGODlhAQABAIAAAAAAAP\/\/\/yH5BAEAAAAALAAAAAABAAEAAAIBRAA7\" data-src=\"http:\/\/envirospinoff.es\/wp-content\/uploads\/2022\/10\/activo.png\" alt=\"plan-economico-financiero-activo\" class=\"wp-image-718 lazyload\"\/><noscript><img decoding=\"async\" width=\"685\" height=\"324\" src=\"http:\/\/envirospinoff.es\/wp-content\/uploads\/2022\/10\/activo.png\" alt=\"plan-economico-financiero-activo\" class=\"wp-image-718 lazyload\" srcset=\"https:\/\/envirospinoff.es\/wp-content\/uploads\/2022\/10\/activo.png 685w, https:\/\/envirospinoff.es\/wp-content\/uploads\/2022\/10\/activo-300x142.png 300w, https:\/\/envirospinoff.es\/wp-content\/uploads\/2022\/10\/activo-18x9.png 18w\" sizes=\"(max-width: 685px) 100vw, 685px\" \/><\/noscript><\/figure>\n<\/div>\n\n\n<p><\/p>\n\n\n\n<p><\/p>\n\n\n\n<h2 class=\"wp-block-heading\">02. PREVISIO\u0301N DE GASTOS, INGRESOS Y CUENTAS DE RESULTADOS (3 AN\u0303OS)<\/h2>\n\n\n\n<div id=\"wp-block-themeisle-blocks-advanced-columns-2332412e\" class=\"wp-block-themeisle-blocks-advanced-columns has-2-columns has-desktop-equal-layout has-tablet-equal-layout has-mobile-equal-layout has-vertical-unset\"><div class=\"wp-block-themeisle-blocks-advanced-columns-overlay\"><\/div><div class=\"innerblocks-wrap\">\n<div id=\"wp-block-themeisle-blocks-advanced-column-4498e7f4\" class=\"wp-block-themeisle-blocks-advanced-column\">\n<p>La previsi\u00f3n de ingresos que recoge el cuadro de tesorer\u00eda est\u00e1 basada en la experiencia previa del grupo de investigadores que promueven la spin-off. En particular, se ha realizado un an\u00e1lisis de los \u00faltimos convenios suscritos al amparo del art\u00edculo 83 de la Ley Org\u00e1nica de Universidades. En este sentido, se ha realizado una simulaci\u00f3n de ingresos teniendo en cuenta tanto la experiencia previa de los investigadores como la previsi\u00f3n de actividad que puede desarrollar la empresa, teniendo en cuenta una progresi\u00f3n objetiva de los diferentes proyectos abordados. El escenario planteado es de car\u00e1cter conservador, observando los principios de prudencia valorativa a la hora de realizar el an\u00e1lisis contable, que permite considerar cualquier situaci\u00f3n excepcional que pueda surgir en el entorno, actualmente muy cambiante por la situaci\u00f3n econ\u00f3mica general derivada de la pandemia mundial del coronavirus, invasi\u00f3n de Ucrania y otros elementos del entorno econ\u00f3mico.<\/p>\n<\/div>\n\n\n\n<div id=\"wp-block-themeisle-blocks-advanced-column-053dc27f\" class=\"wp-block-themeisle-blocks-advanced-column\">\n<figure class=\"wp-block-image size-full\"><img decoding=\"async\" src=\"data:image\/gif;base64,R0lGODlhAQABAIAAAAAAAP\/\/\/yH5BAEAAAAALAAAAAABAAEAAAIBRAA7\" data-src=\"http:\/\/envirospinoff.es\/wp-content\/uploads\/2022\/10\/prevision-gastos-ingresos-2022.png\" alt=\"prevision-gastos-ingresos-2022\" class=\"wp-image-721 lazyload\"\/><noscript><img decoding=\"async\" width=\"542\" height=\"582\" src=\"http:\/\/envirospinoff.es\/wp-content\/uploads\/2022\/10\/prevision-gastos-ingresos-2022.png\" alt=\"prevision-gastos-ingresos-2022\" class=\"wp-image-721 lazyload\" srcset=\"https:\/\/envirospinoff.es\/wp-content\/uploads\/2022\/10\/prevision-gastos-ingresos-2022.png 542w, https:\/\/envirospinoff.es\/wp-content\/uploads\/2022\/10\/prevision-gastos-ingresos-2022-279x300.png 279w, https:\/\/envirospinoff.es\/wp-content\/uploads\/2022\/10\/prevision-gastos-ingresos-2022-11x12.png 11w\" sizes=\"(max-width: 542px) 100vw, 542px\" \/><\/noscript><\/figure>\n<\/div>\n<\/div><\/div>\n\n\n\n<p>El desglose completo de los tres ejercicios econ\u00f3micos previstos (2022, 2023 y 2024) se encuentra en el archivo Excel enlazado en Google Drive.<\/p>\n\n\n\n<p><\/p>\n\n\n\n<h2 class=\"wp-block-heading\">03. GASTOS DE PERSONAL<\/h2>\n\n\n\n<p>Inicialmente, se prev\u00e9 la contrataci\u00f3n de un trabajador que cumplir\u00e1 las funciones administrativas y comerciales para el desarrollo de la actividad empresarial. A medida que los proyectos avancen, se valorar\u00e1 la oportunidad de contratar otros trabajadores, en funci\u00f3n de la demanda. As\u00ed se recoge en la previsi\u00f3n inicial de ingresos y gastos que acompa\u00f1a a esta memoria.<\/p>\n\n\n\n<p><\/p>\n\n\n\n<h2 class=\"wp-block-heading\">04. RATIOS ECONO\u0301MICOS Y FINANCIEROS PREVISTOS<\/h2>\n\n\n\n<p>Todos los ratios econ\u00f3micos y financieros se han desarrollado en el archivo Excel adjunto, teniendo acceso a trav\u00e9s de Google Drive, con la simulaci\u00f3n completa.<\/p>\n\n\n\n<p><\/p>\n\n\n\n<h2 class=\"wp-block-heading\">05. PRESUPUESTO DE TESORERI\u0301A PREVISTO<\/h2>\n\n\n\n<p>La previsi\u00f3n de tesorer\u00eda incluye los tres ejercicios econ\u00f3micos completos (2022, 2023 y 2024). Para ello, los datos mensuales se encuentran en el archivo Excel enlazado en Google Drive.<\/p>\n\n\n<div class=\"wp-block-image\">\n<figure class=\"aligncenter size-full\"><img decoding=\"async\" src=\"data:image\/gif;base64,R0lGODlhAQABAIAAAAAAAP\/\/\/yH5BAEAAAAALAAAAAABAAEAAAIBRAA7\" data-src=\"http:\/\/envirospinoff.es\/wp-content\/uploads\/2018\/11\/presupuesto.png\" alt=\"presupuesto-tesoreria-2022\" class=\"wp-image-394 lazyload\"\/><noscript><img decoding=\"async\" width=\"692\" height=\"534\" src=\"http:\/\/envirospinoff.es\/wp-content\/uploads\/2018\/11\/presupuesto.png\" alt=\"presupuesto-tesoreria-2022\" class=\"wp-image-394 lazyload\" srcset=\"https:\/\/envirospinoff.es\/wp-content\/uploads\/2018\/11\/presupuesto.png 692w, https:\/\/envirospinoff.es\/wp-content\/uploads\/2018\/11\/presupuesto-300x232.png 300w, https:\/\/envirospinoff.es\/wp-content\/uploads\/2018\/11\/presupuesto-16x12.png 16w\" sizes=\"(max-width: 692px) 100vw, 692px\" \/><\/noscript><\/figure>\n<\/div>\n\n\n<div style=\"height:100px\" aria-hidden=\"true\" class=\"wp-block-spacer\"><\/div>","protected":false},"excerpt":{"rendered":"<p>La empresa se constituir\u00e1 con un capital social de 25.000 \u20ac, que se distribuyen tal y como se especifica en el cap\u00edtulo siguiente entre los socios, mediante aportaciones dinerarias desembolsadas en el momento de constituir la sociedad.En este sentido, el balance inicial de la empresa ser\u00e1 el siguiente: 02. PREVISIO\u0301N DE GASTOS, INGRESOS Y CUENTAS&hellip;&nbsp;<a href=\"https:\/\/envirospinoff.es\/en\/parte-vi-plan-economico-financiero\/\" rel=\"bookmark\">Read More &raquo;<span class=\"screen-reader-text\">PARTE VI: PLAN ECON\u00d3MICO FINANCIERO<\/span><\/a><\/p>","protected":false},"author":1,"featured_media":0,"parent":0,"menu_order":0,"comment_status":"closed","ping_status":"closed","template":"","meta":{"om_disable_all_campaigns":false,"_monsterinsights_skip_tracking":false,"_monsterinsights_sitenote_active":false,"_monsterinsights_sitenote_note":"","_monsterinsights_sitenote_category":0,"neve_meta_sidebar":"","neve_meta_container":"","neve_meta_enable_content_width":"","neve_meta_content_width":0,"neve_meta_title_alignment":"","neve_meta_author_avatar":"","neve_post_elements_order":"","neve_meta_disable_header":"","neve_meta_disable_footer":"","neve_meta_disable_title":"","_themeisle_gutenberg_block_has_review":false,"footnotes":""},"class_list":["post-717","page","type-page","status-publish","hentry"],"aioseo_notices":[],"_links":{"self":[{"href":"https:\/\/envirospinoff.es\/en\/wp-json\/wp\/v2\/pages\/717","targetHints":{"allow":["GET"]}}],"collection":[{"href":"https:\/\/envirospinoff.es\/en\/wp-json\/wp\/v2\/pages"}],"about":[{"href":"https:\/\/envirospinoff.es\/en\/wp-json\/wp\/v2\/types\/page"}],"author":[{"embeddable":true,"href":"https:\/\/envirospinoff.es\/en\/wp-json\/wp\/v2\/users\/1"}],"replies":[{"embeddable":true,"href":"https:\/\/envirospinoff.es\/en\/wp-json\/wp\/v2\/comments?post=717"}],"version-history":[{"count":7,"href":"https:\/\/envirospinoff.es\/en\/wp-json\/wp\/v2\/pages\/717\/revisions"}],"predecessor-version":[{"id":1202,"href":"https:\/\/envirospinoff.es\/en\/wp-json\/wp\/v2\/pages\/717\/revisions\/1202"}],"wp:attachment":[{"href":"https:\/\/envirospinoff.es\/en\/wp-json\/wp\/v2\/media?parent=717"}],"curies":[{"name":"wp","href":"https:\/\/api.w.org\/{rel}","templated":true}]}}